{"id":236,"date":"2019-11-09T15:16:09","date_gmt":"2019-11-09T18:16:09","guid":{"rendered":"https:\/\/radioinfinitagoya.com.ar\/v1\/?page_id=236"},"modified":"2019-11-09T15:16:09","modified_gmt":"2019-11-09T18:16:09","slug":"programacion","status":"publish","type":"page","link":"https:\/\/radioinfinitagoya.com.ar\/v1\/la-radio\/programacion\/","title":{"rendered":"PROGRAMACI\u00d3N"},"content":{"rendered":"<div class=\"art-layout-cell art-content clearfix\">\n<div class=\"item-page\">\n<article class=\"art-post\">\n<div class=\"art-postcontent clearfix\">\n<div class=\"art-article\">\n<p>RADIO INFINITA FRECUENCIA 100.1 MHZ, LRH 985, CANAL 261, CATEGOR\u00cdA E, DE LA LOCALIDAD DE GOYA, UNA EMISORA AUTORIZADA POR LA AUTORIDAD FEDERAL DE COMUNICACI\u00d3N AUDIOVISUAL MEDIANTE LA RESOLUCI\u00d3N N\u00ba 1161\/2009.\u00a0 AFSCA Resol. 173\/10<\/p>\n<table border=\"4\" cellspacing=\"1\" cellpadding=\"1\">\n<tbody>\n<tr>\n<td><strong>HORA<\/strong><\/td>\n<td><strong>PROGRAMA<\/strong><\/td>\n<td><b>CONDUCCI\u00d3N<\/b><\/td>\n<\/tr>\n<tr>\n<td colspan=\"3\"><strong>LUNES A VIERNES<\/strong><\/td>\n<\/tr>\n<tr>\n<td><strong>06:00 A 08:00 HS<\/strong><\/td>\n<td><strong>AMANECIENDO CON INFINITA<\/strong><\/td>\n<td><strong>RADIO INFINITA<\/strong><\/td>\n<\/tr>\n<tr>\n<td><strong>08:00 A 10:00 HS<\/strong><\/td>\n<td><strong>LA MA\u00d1ANA DE INFINITA<\/strong><\/td>\n<td><strong>RADIO INIFNITA<\/strong><\/td>\n<\/tr>\n<tr>\n<td><strong>10:00 A 12:00 HS<\/strong><\/td>\n<td><strong>A MEDIA MA\u00d1ANA<\/strong><\/td>\n<td><strong>FERNANDO QUINTANA \u2013 ANDRES LOPEZ<\/strong><\/td>\n<\/tr>\n<tr>\n<td><strong>12:00 A 16:00 HS<\/strong><\/td>\n<td><strong>TARDE INFINITA<\/strong><\/td>\n<td><strong>RADIO INFINITA<\/strong><\/td>\n<\/tr>\n<tr>\n<td><strong>16:00 A 18:00 HS<\/strong><\/td>\n<td><strong>EL ZAPPING DE LA RADIO<\/strong><\/td>\n<td><strong>ANDRES LOPEZ \u2013 BARBARA GOMEZ<\/strong><\/td>\n<\/tr>\n<tr>\n<td><strong>19:00 A 21:00 HS<\/strong><\/td>\n<td><strong>AL CAERA LAS SOMBRAS<\/strong><\/td>\n<td><strong>MARYLEN<\/strong><\/td>\n<\/tr>\n<tr>\n<td><strong>21:00 A 01:00 HS<\/strong><\/td>\n<td><strong>AFTER OFFICE<\/strong><\/td>\n<td><strong>RADIO INFINITA<\/strong><\/td>\n<\/tr>\n<tr>\n<td colspan=\"3\"><b>S\u00c1BADO\u200e<\/b><\/td>\n<\/tr>\n<tr>\n<td><strong>06:00 A 12:00 HS<\/strong><\/td>\n<td><strong>SABADOS INFINITOS<\/strong><\/td>\n<td><strong>RADIO INFINITA<\/strong><\/td>\n<\/tr>\n<tr>\n<td><strong>12:00 A 22:00 HS<\/strong><\/td>\n<td><strong>PIRAMBA<\/strong><\/td>\n<td><strong>ANTONIO R. POROTO ESPINOZA<\/strong><\/td>\n<\/tr>\n<tr>\n<td><strong>22:00 A 01:00 HS<\/strong><\/td>\n<td><strong>AFTER OFFICE<\/strong><\/td>\n<td><strong>RADIO INFINITA<\/strong><\/td>\n<\/tr>\n<tr>\n<td colspan=\"3\"><strong>DOMINGO<\/strong><\/td>\n<\/tr>\n<tr>\n<td><strong>06:00 A 09:30 HS<\/strong><\/td>\n<td><strong>DOMINGUEANDO<\/strong><\/td>\n<td><strong>RADIO INFINITA<\/strong><\/td>\n<\/tr>\n<tr>\n<td><strong>09:00 A 12:00 HS<\/strong><\/td>\n<td><strong>LA MUSICA Y LOS RECUERDOS<\/strong><\/td>\n<td><strong>ROSITA TURIOT<\/strong><\/td>\n<\/tr>\n<tr>\n<td><strong>12:00 A 20:00 HS<\/strong><\/td>\n<td><strong>VIVA EL DOMINGO<\/strong><\/td>\n<td><strong>RADIO INFINITA<\/strong><\/td>\n<\/tr>\n<tr>\n<td><strong>20:00 A 01:00 HS<\/strong><\/td>\n<td><strong>AFTER OFFICE<\/strong><\/td>\n<td><strong>RADIO INFINITA<\/strong><\/td>\n<\/tr>\n<\/tbody>\n<\/table>\n<p>&nbsp;<\/p>\n<\/div>\n<\/div>\n<\/article>\n<\/div>\n<\/div>\n","protected":false},"excerpt":{"rendered":"<p>RADIO INFINITA FRECUENCIA 100.1 MHZ, LRH 985, CANAL 261, CATEGOR\u00cdA E, DE LA LOCALIDAD DE GOYA, UNA EMISORA AUTORIZADA POR LA AUTORIDAD FEDERAL DE COMUNICACI\u00d3N AUDIOVISUAL MEDIANTE LA RESOLUCI\u00d3N N\u00ba 1161\/2009.\u00a0 AFSCA Resol. 173\/10 HORA PROGRAMA CONDUCCI\u00d3N LUNES A VIERNES 06:00 A 08:00 HS AMANECIENDO CON INFINITA RADIO INFINITA 08:00 A 10:00 HS LA MA\u00d1ANA [&hellip;]<\/p>\n","protected":false},"author":1,"featured_media":0,"parent":232,"menu_order":0,"comment_status":"closed","ping_status":"closed","template":"","meta":{"_joinchat":[],"footnotes":""},"class_list":["post-236","page","type-page","status-publish"],"yoast_head":"<!-- This site is optimized with the Yoast SEO plugin v27.2 - https:\/\/yoast.com\/product\/yoast-seo-wordpress\/ -->\n<title>PROGRAMACI\u00d3N - Radio Infinita Goya<\/title>\n<meta name=\"robots\" content=\"index, follow, max-snippet:-1, max-image-preview:large, max-video-preview:-1\" \/>\n<link rel=\"canonical\" href=\"https:\/\/radioinfinitagoya.com.ar\/v1\/la-radio\/programacion\/\" \/>\n<meta property=\"og:locale\" content=\"es_ES\" \/>\n<meta property=\"og:type\" content=\"article\" \/>\n<meta property=\"og:title\" content=\"PROGRAMACI\u00d3N - Radio Infinita Goya\" \/>\n<meta property=\"og:description\" content=\"RADIO INFINITA FRECUENCIA 100.1 MHZ, LRH 985, CANAL 261, CATEGOR\u00cdA E, DE LA LOCALIDAD DE GOYA, UNA EMISORA AUTORIZADA POR LA AUTORIDAD FEDERAL DE COMUNICACI\u00d3N AUDIOVISUAL MEDIANTE LA RESOLUCI\u00d3N N\u00ba 1161\/2009.\u00a0 AFSCA Resol. 173\/10 HORA PROGRAMA CONDUCCI\u00d3N LUNES A VIERNES 06:00 A 08:00 HS AMANECIENDO CON INFINITA RADIO INFINITA 08:00 A 10:00 HS LA MA\u00d1ANA [&hellip;]\" \/>\n<meta property=\"og:url\" content=\"https:\/\/radioinfinitagoya.com.ar\/v1\/la-radio\/programacion\/\" \/>\n<meta property=\"og:site_name\" content=\"Radio Infinita Goya\" \/>\n<meta property=\"article:publisher\" content=\"https:\/\/www.facebook.com\/p\/Infinita-Goya-100063870918311\/\" \/>\n<meta name=\"twitter:card\" content=\"summary_large_image\" \/>\n<meta name=\"twitter:label1\" content=\"Tiempo de lectura\" \/>\n\t<meta name=\"twitter:data1\" content=\"1 minuto\" \/>\n<script type=\"application\/ld+json\" class=\"yoast-schema-graph\">{\"@context\":\"https:\/\/schema.org\",\"@graph\":[{\"@type\":\"WebPage\",\"@id\":\"https:\/\/radioinfinitagoya.com.ar\/v1\/la-radio\/programacion\/\",\"url\":\"https:\/\/radioinfinitagoya.com.ar\/v1\/la-radio\/programacion\/\",\"name\":\"PROGRAMACI\u00d3N - Radio Infinita Goya\",\"isPartOf\":{\"@id\":\"https:\/\/radioinfinitagoya.com.ar\/v1\/#website\"},\"datePublished\":\"2019-11-09T18:16:09+00:00\",\"breadcrumb\":{\"@id\":\"https:\/\/radioinfinitagoya.com.ar\/v1\/la-radio\/programacion\/#breadcrumb\"},\"inLanguage\":\"es-AR\",\"potentialAction\":[{\"@type\":\"ReadAction\",\"target\":[\"https:\/\/radioinfinitagoya.com.ar\/v1\/la-radio\/programacion\/\"]}]},{\"@type\":\"BreadcrumbList\",\"@id\":\"https:\/\/radioinfinitagoya.com.ar\/v1\/la-radio\/programacion\/#breadcrumb\",\"itemListElement\":[{\"@type\":\"ListItem\",\"position\":1,\"name\":\"Inicio\",\"item\":\"https:\/\/radioinfinitagoya.com.ar\/v1\/\"},{\"@type\":\"ListItem\",\"position\":2,\"name\":\"LA RADIO\",\"item\":\"https:\/\/radioinfinitagoya.com.ar\/v1\/la-radio\/\"},{\"@type\":\"ListItem\",\"position\":3,\"name\":\"PROGRAMACI\u00d3N\"}]},{\"@type\":\"WebSite\",\"@id\":\"https:\/\/radioinfinitagoya.com.ar\/v1\/#website\",\"url\":\"https:\/\/radioinfinitagoya.com.ar\/v1\/\",\"name\":\"radioinfinitagoya.com.ar\",\"description\":\"Radio de noticias\",\"publisher\":{\"@id\":\"https:\/\/radioinfinitagoya.com.ar\/v1\/#organization\"},\"potentialAction\":[{\"@type\":\"SearchAction\",\"target\":{\"@type\":\"EntryPoint\",\"urlTemplate\":\"https:\/\/radioinfinitagoya.com.ar\/v1\/?s={search_term_string}\"},\"query-input\":{\"@type\":\"PropertyValueSpecification\",\"valueRequired\":true,\"valueName\":\"search_term_string\"}}],\"inLanguage\":\"es-AR\"},{\"@type\":\"Organization\",\"@id\":\"https:\/\/radioinfinitagoya.com.ar\/v1\/#organization\",\"name\":\"Radio Infinita Goya\",\"url\":\"https:\/\/radioinfinitagoya.com.ar\/v1\/\",\"logo\":{\"@type\":\"ImageObject\",\"inLanguage\":\"es-AR\",\"@id\":\"https:\/\/radioinfinitagoya.com.ar\/v1\/#\/schema\/logo\/image\/\",\"url\":\"https:\/\/radioinfinitagoya.com.ar\/v1\/wp-content\/uploads\/2019\/11\/logo-pie-web.png\",\"contentUrl\":\"https:\/\/radioinfinitagoya.com.ar\/v1\/wp-content\/uploads\/2019\/11\/logo-pie-web.png\",\"width\":635,\"height\":326,\"caption\":\"Radio Infinita Goya\"},\"image\":{\"@id\":\"https:\/\/radioinfinitagoya.com.ar\/v1\/#\/schema\/logo\/image\/\"},\"sameAs\":[\"https:\/\/www.facebook.com\/p\/Infinita-Goya-100063870918311\/\"]}]}<\/script>\n<!-- \/ Yoast SEO plugin. -->","yoast_head_json":{"title":"PROGRAMACI\u00d3N - Radio Infinita Goya","robots":{"index":"index","follow":"follow","max-snippet":"max-snippet:-1","max-image-preview":"max-image-preview:large","max-video-preview":"max-video-preview:-1"},"canonical":"https:\/\/radioinfinitagoya.com.ar\/v1\/la-radio\/programacion\/","og_locale":"es_ES","og_type":"article","og_title":"PROGRAMACI\u00d3N - Radio Infinita Goya","og_description":"RADIO INFINITA FRECUENCIA 100.1 MHZ, LRH 985, CANAL 261, CATEGOR\u00cdA E, DE LA LOCALIDAD DE GOYA, UNA EMISORA AUTORIZADA POR LA AUTORIDAD FEDERAL DE COMUNICACI\u00d3N AUDIOVISUAL MEDIANTE LA RESOLUCI\u00d3N N\u00ba 1161\/2009.\u00a0 AFSCA Resol. 173\/10 HORA PROGRAMA CONDUCCI\u00d3N LUNES A VIERNES 06:00 A 08:00 HS AMANECIENDO CON INFINITA RADIO INFINITA 08:00 A 10:00 HS LA MA\u00d1ANA [&hellip;]","og_url":"https:\/\/radioinfinitagoya.com.ar\/v1\/la-radio\/programacion\/","og_site_name":"Radio Infinita Goya","article_publisher":"https:\/\/www.facebook.com\/p\/Infinita-Goya-100063870918311\/","twitter_card":"summary_large_image","twitter_misc":{"Tiempo de lectura":"1 minuto"},"schema":{"@context":"https:\/\/schema.org","@graph":[{"@type":"WebPage","@id":"https:\/\/radioinfinitagoya.com.ar\/v1\/la-radio\/programacion\/","url":"https:\/\/radioinfinitagoya.com.ar\/v1\/la-radio\/programacion\/","name":"PROGRAMACI\u00d3N - Radio Infinita Goya","isPartOf":{"@id":"https:\/\/radioinfinitagoya.com.ar\/v1\/#website"},"datePublished":"2019-11-09T18:16:09+00:00","breadcrumb":{"@id":"https:\/\/radioinfinitagoya.com.ar\/v1\/la-radio\/programacion\/#breadcrumb"},"inLanguage":"es-AR","potentialAction":[{"@type":"ReadAction","target":["https:\/\/radioinfinitagoya.com.ar\/v1\/la-radio\/programacion\/"]}]},{"@type":"BreadcrumbList","@id":"https:\/\/radioinfinitagoya.com.ar\/v1\/la-radio\/programacion\/#breadcrumb","itemListElement":[{"@type":"ListItem","position":1,"name":"Inicio","item":"https:\/\/radioinfinitagoya.com.ar\/v1\/"},{"@type":"ListItem","position":2,"name":"LA RADIO","item":"https:\/\/radioinfinitagoya.com.ar\/v1\/la-radio\/"},{"@type":"ListItem","position":3,"name":"PROGRAMACI\u00d3N"}]},{"@type":"WebSite","@id":"https:\/\/radioinfinitagoya.com.ar\/v1\/#website","url":"https:\/\/radioinfinitagoya.com.ar\/v1\/","name":"radioinfinitagoya.com.ar","description":"Radio de noticias","publisher":{"@id":"https:\/\/radioinfinitagoya.com.ar\/v1\/#organization"},"potentialAction":[{"@type":"SearchAction","target":{"@type":"EntryPoint","urlTemplate":"https:\/\/radioinfinitagoya.com.ar\/v1\/?s={search_term_string}"},"query-input":{"@type":"PropertyValueSpecification","valueRequired":true,"valueName":"search_term_string"}}],"inLanguage":"es-AR"},{"@type":"Organization","@id":"https:\/\/radioinfinitagoya.com.ar\/v1\/#organization","name":"Radio Infinita Goya","url":"https:\/\/radioinfinitagoya.com.ar\/v1\/","logo":{"@type":"ImageObject","inLanguage":"es-AR","@id":"https:\/\/radioinfinitagoya.com.ar\/v1\/#\/schema\/logo\/image\/","url":"https:\/\/radioinfinitagoya.com.ar\/v1\/wp-content\/uploads\/2019\/11\/logo-pie-web.png","contentUrl":"https:\/\/radioinfinitagoya.com.ar\/v1\/wp-content\/uploads\/2019\/11\/logo-pie-web.png","width":635,"height":326,"caption":"Radio Infinita Goya"},"image":{"@id":"https:\/\/radioinfinitagoya.com.ar\/v1\/#\/schema\/logo\/image\/"},"sameAs":["https:\/\/www.facebook.com\/p\/Infinita-Goya-100063870918311\/"]}]}},"_links":{"self":[{"href":"https:\/\/radioinfinitagoya.com.ar\/v1\/wp-json\/wp\/v2\/pages\/236","targetHints":{"allow":["GET"]}}],"collection":[{"href":"https:\/\/radioinfinitagoya.com.ar\/v1\/wp-json\/wp\/v2\/pages"}],"about":[{"href":"https:\/\/radioinfinitagoya.com.ar\/v1\/wp-json\/wp\/v2\/types\/page"}],"author":[{"embeddable":true,"href":"https:\/\/radioinfinitagoya.com.ar\/v1\/wp-json\/wp\/v2\/users\/1"}],"replies":[{"embeddable":true,"href":"https:\/\/radioinfinitagoya.com.ar\/v1\/wp-json\/wp\/v2\/comments?post=236"}],"version-history":[{"count":0,"href":"https:\/\/radioinfinitagoya.com.ar\/v1\/wp-json\/wp\/v2\/pages\/236\/revisions"}],"up":[{"embeddable":true,"href":"https:\/\/radioinfinitagoya.com.ar\/v1\/wp-json\/wp\/v2\/pages\/232"}],"wp:attachment":[{"href":"https:\/\/radioinfinitagoya.com.ar\/v1\/wp-json\/wp\/v2\/media?parent=236"}],"curies":[{"name":"wp","href":"https:\/\/api.w.org\/{rel}","templated":true}]}}