{"id":249,"date":"2019-11-09T17:08:05","date_gmt":"2019-11-09T20:08:05","guid":{"rendered":"https:\/\/radioinfinitagoya.com.ar\/v1\/?page_id=249"},"modified":"2019-11-09T17:17:32","modified_gmt":"2019-11-09T20:17:32","slug":"proposito-de-la-fistasta-del","status":"publish","type":"page","link":"https:\/\/radioinfinitagoya.com.ar\/v1\/fiesta-del-surubi\/proposito-de-la-fistasta-del\/","title":{"rendered":"PROP\u00d3SITO DE LA FISTASTA DEL"},"content":{"rendered":"<p><strong>DEPORTIVOS:\u00a0<\/strong><br \/>\nEstimular una cultura deportiva que alcance a la mayor\u00eda de la poblaci\u00f3n.<br \/>\nPropiciar pr\u00e1cticas sanas de solidaridad, de coordinaci\u00f3n, de esfuerzos y de esp\u00edritu de iniciativa, perseverancia y competencia.<\/p>\n<p><b>ECOL\u00d3GICOS<\/b><strong>:\u00a0<\/strong><br \/>\nDesarrollar conciencia de responsabilidad ecol\u00f3gica.<\/p>\n<p><b>TUR\u00cdSTICOS<\/b><strong>:\u00a0<\/strong><br \/>\nContribuir al desarrollo de la regi\u00f3n mediante la promoci\u00f3n de la cultura y valores locales.<br \/>\nAmpliar, diversificar y elevar la calidad de la oferta tur\u00edstica regional.<\/p>\n<p><b>ECON\u00d3MICOS<\/b><strong>:\u00a0<\/strong><br \/>\nFomentar las potencialidades creativas y productivas de la comunidad.<br \/>\nPropiciar la coordinaci\u00f3n entre los diferentes organismos de los sectores p\u00fablicos, sociales y privados para concretar acciones eficaces.<\/p>\n","protected":false},"excerpt":{"rendered":"<p>DEPORTIVOS:\u00a0 Estimular una cultura deportiva que alcance a la mayor\u00eda de la poblaci\u00f3n. Propiciar pr\u00e1cticas sanas de solidaridad, de coordinaci\u00f3n, de esfuerzos y de esp\u00edritu de iniciativa, perseverancia y competencia. ECOL\u00d3GICOS:\u00a0 Desarrollar conciencia de responsabilidad ecol\u00f3gica. TUR\u00cdSTICOS:\u00a0 Contribuir al desarrollo de la regi\u00f3n mediante la promoci\u00f3n de la cultura y valores locales. Ampliar, diversificar y [&hellip;]<\/p>\n","protected":false},"author":1,"featured_media":0,"parent":238,"menu_order":0,"comment_status":"closed","ping_status":"closed","template":"","meta":{"_joinchat":[],"footnotes":""},"class_list":["post-249","page","type-page","status-publish"],"yoast_head":"<!-- This site is optimized with the Yoast SEO plugin v27.2 - https:\/\/yoast.com\/product\/yoast-seo-wordpress\/ -->\n<title>PROP\u00d3SITO DE LA FISTASTA DEL - Radio Infinita Goya<\/title>\n<meta name=\"robots\" content=\"index, follow, max-snippet:-1, max-image-preview:large, max-video-preview:-1\" \/>\n<link rel=\"canonical\" href=\"https:\/\/radioinfinitagoya.com.ar\/v1\/fiesta-del-surubi\/proposito-de-la-fistasta-del\/\" \/>\n<meta property=\"og:locale\" content=\"es_ES\" \/>\n<meta property=\"og:type\" content=\"article\" \/>\n<meta property=\"og:title\" content=\"PROP\u00d3SITO DE LA FISTASTA DEL - Radio Infinita Goya\" \/>\n<meta property=\"og:description\" content=\"DEPORTIVOS:\u00a0 Estimular una cultura deportiva que alcance a la mayor\u00eda de la poblaci\u00f3n. Propiciar pr\u00e1cticas sanas de solidaridad, de coordinaci\u00f3n, de esfuerzos y de esp\u00edritu de iniciativa, perseverancia y competencia. ECOL\u00d3GICOS:\u00a0 Desarrollar conciencia de responsabilidad ecol\u00f3gica. TUR\u00cdSTICOS:\u00a0 Contribuir al desarrollo de la regi\u00f3n mediante la promoci\u00f3n de la cultura y valores locales. Ampliar, diversificar y [&hellip;]\" \/>\n<meta property=\"og:url\" content=\"https:\/\/radioinfinitagoya.com.ar\/v1\/fiesta-del-surubi\/proposito-de-la-fistasta-del\/\" \/>\n<meta property=\"og:site_name\" content=\"Radio Infinita Goya\" \/>\n<meta property=\"article:publisher\" content=\"https:\/\/www.facebook.com\/p\/Infinita-Goya-100063870918311\/\" \/>\n<meta property=\"article:modified_time\" content=\"2019-11-09T20:17:32+00:00\" \/>\n<meta name=\"twitter:card\" content=\"summary_large_image\" \/>\n<meta name=\"twitter:label1\" content=\"Tiempo de lectura\" \/>\n\t<meta name=\"twitter:data1\" content=\"1 minuto\" \/>\n<script type=\"application\/ld+json\" class=\"yoast-schema-graph\">{\"@context\":\"https:\/\/schema.org\",\"@graph\":[{\"@type\":\"WebPage\",\"@id\":\"https:\/\/radioinfinitagoya.com.ar\/v1\/fiesta-del-surubi\/proposito-de-la-fistasta-del\/\",\"url\":\"https:\/\/radioinfinitagoya.com.ar\/v1\/fiesta-del-surubi\/proposito-de-la-fistasta-del\/\",\"name\":\"PROP\u00d3SITO DE LA FISTASTA DEL - Radio Infinita Goya\",\"isPartOf\":{\"@id\":\"https:\/\/radioinfinitagoya.com.ar\/v1\/#website\"},\"datePublished\":\"2019-11-09T20:08:05+00:00\",\"dateModified\":\"2019-11-09T20:17:32+00:00\",\"breadcrumb\":{\"@id\":\"https:\/\/radioinfinitagoya.com.ar\/v1\/fiesta-del-surubi\/proposito-de-la-fistasta-del\/#breadcrumb\"},\"inLanguage\":\"es-AR\",\"potentialAction\":[{\"@type\":\"ReadAction\",\"target\":[\"https:\/\/radioinfinitagoya.com.ar\/v1\/fiesta-del-surubi\/proposito-de-la-fistasta-del\/\"]}]},{\"@type\":\"BreadcrumbList\",\"@id\":\"https:\/\/radioinfinitagoya.com.ar\/v1\/fiesta-del-surubi\/proposito-de-la-fistasta-del\/#breadcrumb\",\"itemListElement\":[{\"@type\":\"ListItem\",\"position\":1,\"name\":\"Inicio\",\"item\":\"https:\/\/radioinfinitagoya.com.ar\/v1\/\"},{\"@type\":\"ListItem\",\"position\":2,\"name\":\"FIESTA DEL SURUB\u00cd\",\"item\":\"https:\/\/radioinfinitagoya.com.ar\/v1\/fiesta-del-surubi\/\"},{\"@type\":\"ListItem\",\"position\":3,\"name\":\"PROP\u00d3SITO DE LA FISTASTA DEL\"}]},{\"@type\":\"WebSite\",\"@id\":\"https:\/\/radioinfinitagoya.com.ar\/v1\/#website\",\"url\":\"https:\/\/radioinfinitagoya.com.ar\/v1\/\",\"name\":\"radioinfinitagoya.com.ar\",\"description\":\"Radio de noticias\",\"publisher\":{\"@id\":\"https:\/\/radioinfinitagoya.com.ar\/v1\/#organization\"},\"potentialAction\":[{\"@type\":\"SearchAction\",\"target\":{\"@type\":\"EntryPoint\",\"urlTemplate\":\"https:\/\/radioinfinitagoya.com.ar\/v1\/?s={search_term_string}\"},\"query-input\":{\"@type\":\"PropertyValueSpecification\",\"valueRequired\":true,\"valueName\":\"search_term_string\"}}],\"inLanguage\":\"es-AR\"},{\"@type\":\"Organization\",\"@id\":\"https:\/\/radioinfinitagoya.com.ar\/v1\/#organization\",\"name\":\"Radio Infinita Goya\",\"url\":\"https:\/\/radioinfinitagoya.com.ar\/v1\/\",\"logo\":{\"@type\":\"ImageObject\",\"inLanguage\":\"es-AR\",\"@id\":\"https:\/\/radioinfinitagoya.com.ar\/v1\/#\/schema\/logo\/image\/\",\"url\":\"https:\/\/radioinfinitagoya.com.ar\/v1\/wp-content\/uploads\/2019\/11\/logo-pie-web.png\",\"contentUrl\":\"https:\/\/radioinfinitagoya.com.ar\/v1\/wp-content\/uploads\/2019\/11\/logo-pie-web.png\",\"width\":635,\"height\":326,\"caption\":\"Radio Infinita Goya\"},\"image\":{\"@id\":\"https:\/\/radioinfinitagoya.com.ar\/v1\/#\/schema\/logo\/image\/\"},\"sameAs\":[\"https:\/\/www.facebook.com\/p\/Infinita-Goya-100063870918311\/\"]}]}<\/script>\n<!-- \/ Yoast SEO plugin. -->","yoast_head_json":{"title":"PROP\u00d3SITO DE LA FISTASTA DEL - Radio Infinita Goya","robots":{"index":"index","follow":"follow","max-snippet":"max-snippet:-1","max-image-preview":"max-image-preview:large","max-video-preview":"max-video-preview:-1"},"canonical":"https:\/\/radioinfinitagoya.com.ar\/v1\/fiesta-del-surubi\/proposito-de-la-fistasta-del\/","og_locale":"es_ES","og_type":"article","og_title":"PROP\u00d3SITO DE LA FISTASTA DEL - Radio Infinita Goya","og_description":"DEPORTIVOS:\u00a0 Estimular una cultura deportiva que alcance a la mayor\u00eda de la poblaci\u00f3n. Propiciar pr\u00e1cticas sanas de solidaridad, de coordinaci\u00f3n, de esfuerzos y de esp\u00edritu de iniciativa, perseverancia y competencia. ECOL\u00d3GICOS:\u00a0 Desarrollar conciencia de responsabilidad ecol\u00f3gica. TUR\u00cdSTICOS:\u00a0 Contribuir al desarrollo de la regi\u00f3n mediante la promoci\u00f3n de la cultura y valores locales. Ampliar, diversificar y [&hellip;]","og_url":"https:\/\/radioinfinitagoya.com.ar\/v1\/fiesta-del-surubi\/proposito-de-la-fistasta-del\/","og_site_name":"Radio Infinita Goya","article_publisher":"https:\/\/www.facebook.com\/p\/Infinita-Goya-100063870918311\/","article_modified_time":"2019-11-09T20:17:32+00:00","twitter_card":"summary_large_image","twitter_misc":{"Tiempo de lectura":"1 minuto"},"schema":{"@context":"https:\/\/schema.org","@graph":[{"@type":"WebPage","@id":"https:\/\/radioinfinitagoya.com.ar\/v1\/fiesta-del-surubi\/proposito-de-la-fistasta-del\/","url":"https:\/\/radioinfinitagoya.com.ar\/v1\/fiesta-del-surubi\/proposito-de-la-fistasta-del\/","name":"PROP\u00d3SITO DE LA FISTASTA DEL - Radio Infinita Goya","isPartOf":{"@id":"https:\/\/radioinfinitagoya.com.ar\/v1\/#website"},"datePublished":"2019-11-09T20:08:05+00:00","dateModified":"2019-11-09T20:17:32+00:00","breadcrumb":{"@id":"https:\/\/radioinfinitagoya.com.ar\/v1\/fiesta-del-surubi\/proposito-de-la-fistasta-del\/#breadcrumb"},"inLanguage":"es-AR","potentialAction":[{"@type":"ReadAction","target":["https:\/\/radioinfinitagoya.com.ar\/v1\/fiesta-del-surubi\/proposito-de-la-fistasta-del\/"]}]},{"@type":"BreadcrumbList","@id":"https:\/\/radioinfinitagoya.com.ar\/v1\/fiesta-del-surubi\/proposito-de-la-fistasta-del\/#breadcrumb","itemListElement":[{"@type":"ListItem","position":1,"name":"Inicio","item":"https:\/\/radioinfinitagoya.com.ar\/v1\/"},{"@type":"ListItem","position":2,"name":"FIESTA DEL SURUB\u00cd","item":"https:\/\/radioinfinitagoya.com.ar\/v1\/fiesta-del-surubi\/"},{"@type":"ListItem","position":3,"name":"PROP\u00d3SITO DE LA FISTASTA DEL"}]},{"@type":"WebSite","@id":"https:\/\/radioinfinitagoya.com.ar\/v1\/#website","url":"https:\/\/radioinfinitagoya.com.ar\/v1\/","name":"radioinfinitagoya.com.ar","description":"Radio de noticias","publisher":{"@id":"https:\/\/radioinfinitagoya.com.ar\/v1\/#organization"},"potentialAction":[{"@type":"SearchAction","target":{"@type":"EntryPoint","urlTemplate":"https:\/\/radioinfinitagoya.com.ar\/v1\/?s={search_term_string}"},"query-input":{"@type":"PropertyValueSpecification","valueRequired":true,"valueName":"search_term_string"}}],"inLanguage":"es-AR"},{"@type":"Organization","@id":"https:\/\/radioinfinitagoya.com.ar\/v1\/#organization","name":"Radio Infinita Goya","url":"https:\/\/radioinfinitagoya.com.ar\/v1\/","logo":{"@type":"ImageObject","inLanguage":"es-AR","@id":"https:\/\/radioinfinitagoya.com.ar\/v1\/#\/schema\/logo\/image\/","url":"https:\/\/radioinfinitagoya.com.ar\/v1\/wp-content\/uploads\/2019\/11\/logo-pie-web.png","contentUrl":"https:\/\/radioinfinitagoya.com.ar\/v1\/wp-content\/uploads\/2019\/11\/logo-pie-web.png","width":635,"height":326,"caption":"Radio Infinita Goya"},"image":{"@id":"https:\/\/radioinfinitagoya.com.ar\/v1\/#\/schema\/logo\/image\/"},"sameAs":["https:\/\/www.facebook.com\/p\/Infinita-Goya-100063870918311\/"]}]}},"_links":{"self":[{"href":"https:\/\/radioinfinitagoya.com.ar\/v1\/wp-json\/wp\/v2\/pages\/249","targetHints":{"allow":["GET"]}}],"collection":[{"href":"https:\/\/radioinfinitagoya.com.ar\/v1\/wp-json\/wp\/v2\/pages"}],"about":[{"href":"https:\/\/radioinfinitagoya.com.ar\/v1\/wp-json\/wp\/v2\/types\/page"}],"author":[{"embeddable":true,"href":"https:\/\/radioinfinitagoya.com.ar\/v1\/wp-json\/wp\/v2\/users\/1"}],"replies":[{"embeddable":true,"href":"https:\/\/radioinfinitagoya.com.ar\/v1\/wp-json\/wp\/v2\/comments?post=249"}],"version-history":[{"count":0,"href":"https:\/\/radioinfinitagoya.com.ar\/v1\/wp-json\/wp\/v2\/pages\/249\/revisions"}],"up":[{"embeddable":true,"href":"https:\/\/radioinfinitagoya.com.ar\/v1\/wp-json\/wp\/v2\/pages\/238"}],"wp:attachment":[{"href":"https:\/\/radioinfinitagoya.com.ar\/v1\/wp-json\/wp\/v2\/media?parent=249"}],"curies":[{"name":"wp","href":"https:\/\/api.w.org\/{rel}","templated":true}]}}