{"id":255,"date":"2019-11-09T17:22:04","date_gmt":"2019-11-09T20:22:04","guid":{"rendered":"https:\/\/radioinfinitagoya.com.ar\/v1\/?page_id=255"},"modified":"2019-11-09T17:22:04","modified_gmt":"2019-11-09T20:22:04","slug":"ambito-ideal-para-la","status":"publish","type":"page","link":"https:\/\/radioinfinitagoya.com.ar\/v1\/fiesta-del-surubi\/ambito-ideal-para-la\/","title":{"rendered":"\u00c1MBITO IDEAL PARA LA"},"content":{"rendered":"<p>R\u00edos y arroyos caudalosos, de brav\u00eda correntada y seductores remansos,lagunas cristalinas con abundante vegetaci\u00f3n lacustre o enormes playas de fina arena viajera, recoletos montes de especies aut\u00f3ctonas, sauzales y alisedas. carrizales interminables, correderas espumosas, todos elementos que confluyen para que en la zona de Goya se practiquen todos los deportes vinculados a la naturaleza y especialmente se trate de capturar a la nobleza de nuestros r\u00edos: El Surub\u00ed y el Dorado.<\/p>\n<p>Al margen de la creciente poluci\u00f3n del r\u00edo Paran\u00e1, el furtivismo depredatorio, la falta de pol\u00edticas ecol\u00f3gicas de los gobiernos de turno y la escasez de medios econ\u00f3micos de las autoridades e instituciones locales Goya y su zona de influencia sigue siendo uno de los \u00e1mbitos privilegiados para la pesca deportiva en toda su variedad pero principalmente la del Surub\u00ed, como dicen los lugare\u00f1os en un acu\u00f1ado slogan, su Cuna. Rendidores pesqueros de este coloso de Paran\u00e1 se sit\u00faan a lo largo de casi 50 Km. tanto sobre la margen del Paran\u00e1 como en sus arroyos isle\u00f1os, el Isor\u00f3, el Soto, el Naranjal, el San Jer\u00f3nimo, el Cirilo, el Caraguatay y otros cursos menores, donde en pozones, correderas, remansos, bocas de lagunas y esteros. acecha el Surub\u00ed en procura de su alimento, las especies forrajeras menores, sobre todo en horas nocturnas o de la madrugada.<\/p>\n<p>Participar en una excursi\u00f3n de pesca de Surub\u00ed no s\u00f3lo depara la emoci\u00f3n posible de la captura de una pieza normal superior a los 20 Kg., sino el disfrute de paisajes sobrecogedores, sensaciones \u00fanicas y universales, olores. sonidos, percepciones en fin, que nos devuelven por algunos felices Instantes a nuestras fuentes y nos hacen olvidar los mundanos avatares. Buena receta antiestr\u00e9s es una noche en la cortada del Caraguatay sintiendo el rumor de los sauces y alisos, los sonidos del monte, el aullido lejano del caray\u00e1, el chapoteo de los card\u00famenes huyendo despavoridos a la embestida del cazador de la noche, el Surub\u00ed: el silbido del carpincho en celo y la luminosidad nocturna jugando con los veriles y remansos del r\u00edo, el aroma de una \u201cfritanga\u201d que se arrastra en los refluvios h\u00famedos y por fin al fondo el Sapucay visceral y alegre de un pescador afortunado que tiene un \u201catigrado\u201d o \u201crollizo\u201d en e! extremo de su sedal.<\/p>\n<p>Esta nota se perge\u00f1o con la Idea de explicar t\u00e9cnicamente la pesca del Surub\u00ed, pero la mente del cronista puesta en el ambiente isle\u00f1o y sus vivencias maravillosas nos empuja en un lapsus ecologista dejar la captura del surub\u00ed (en segundo plano y otorgar al aspecto Natural la primac\u00eda e importancia que necesita que las pr\u00f3ximas generaciones y la nuestra en especial le sepan dar.<\/p>\n<p>Goya, cuna del Surub\u00ed pretende adem\u00e1s graduarse en basti\u00f3n Ecologista y Protectora dela Naturaleza y al margen de invitarlo una vez al a\u00f1o a pescar el Surub\u00ed, lo Invita permanentemente a gozar de su clima, su paisajes, su r\u00edo, sus Islas, su casi Intacto medio Natural.<\/p>\n<p><strong>GOYA TIENE DUE\u00d1O<\/strong><br \/>\nGoya, es propiedad de su gente. Hospitalaria por naturaleza\u2026. Franca y abierta como el r\u00edo. En las buenas y en las malas\u2026 Es del hombre de a caballo que anda por el campo listo para el abrazo amistoso. Es de su paisaje de palmeras, aromos y algarrobos. Es de su riacho alegre, breve y modesto. Es de Camila O\u2019Gorman, la tr\u00e1gica y conmovedora muchacha que a\u00fan sigue de pie frente al pelot\u00f3n de fusilamiento. Por amor. Es de la zarzaparrilla que eleva sus ra\u00edces en el agua de sus corrientes, para mantenerlas limpias, como quiere la leyenda. Y del tabaco. Y del surub\u00ed\u2026 el m\u00e1s tenaz de los peces deportivos. El que crea la fiesta del coraje\u2026 Y de la paciencia. El se\u00f1or de las aguas nocturnas de Goya.<\/p>\n<p><strong>\u00bfQUE ES LA FIESTA NACIONAL DEL SURUBI?<\/strong><br \/>\nEl Hecho Deportivo consiste en una competencia que para los equipistas va m\u00e1s all\u00e1 de la captura de la preciada pieza puesto que los preparativos previos, la emocionante largada de m\u00e1s de 400 lanchas lanzadas por el riacho Goya en busca de los pesqueros previamente sorteados y asignados, la tensa espera en la brumosa noche Isle\u00f1a hasta que el Surub\u00ed( anuncie SU presencia, el retomo, siempre alegre cualquiera fuera el resultado, el arribo a la Costanera de Goya, la fiesta de cierre, todo contribuye a la recreaci\u00f3n del participante.<\/p>\n<p>El Hecho Social o sea el sinn\u00famero de actividades culturales, sociales, econ\u00f3micas como Expo Goya deportivas y de recreaci\u00f3n general que se desarrollan durante la semana previa nuclean alrededor de 30.000 personas que aplauden los artistas noveles y consa\u00acgrados que pasan por el escenario mayor, admiran las artesan\u00edas expuestas. analizan las exposiciones culturales, se solazan con las actividades tur\u00edsticas o pasean por el predio ferial en busca de asombros tecnol\u00f3gicos o curiosidades.<\/p>\n<p>La elecci\u00f3n de la Reina Nacional de Surub\u00ed en el tradicional baile del s\u00e1bado a la noche constituye un punto trascendente que prepara el ambiente final para que la multitud reciba euf\u00f3rica los competidores en la ma\u00f1ana y mediod\u00eda de domingo. Luego la cena despedida, los trofeos las promesas de volver, los agradecimientos, la camarader\u00eda y las inmediata decisi\u00f3n de los goyanos de comenzar a trabajar nuevamente para recibir el a\u00f1o siguiente a los pescadores y ofrecerlos generosamente su hospitalidad. Como prueba de ello un \u201csapukay\u201d quedar\u00e1 rebotando en las paredes y frondas para perderse ondulante sobre las brav\u00edas aguas del Paran\u00e1.<\/p>\n","protected":false},"excerpt":{"rendered":"<p>R\u00edos y arroyos caudalosos, de brav\u00eda correntada y seductores remansos,lagunas cristalinas con abundante vegetaci\u00f3n lacustre o enormes playas de fina arena viajera, recoletos montes de especies aut\u00f3ctonas, sauzales y alisedas. carrizales interminables, correderas espumosas, todos elementos que confluyen para que en la zona de Goya se practiquen todos los deportes vinculados a la naturaleza y [&hellip;]<\/p>\n","protected":false},"author":1,"featured_media":0,"parent":238,"menu_order":0,"comment_status":"closed","ping_status":"closed","template":"","meta":{"_joinchat":[],"footnotes":""},"class_list":["post-255","page","type-page","status-publish"],"yoast_head":"<!-- This site is optimized with the Yoast SEO plugin v27.2 - https:\/\/yoast.com\/product\/yoast-seo-wordpress\/ -->\n<title>\u00c1MBITO IDEAL PARA LA - Radio Infinita Goya<\/title>\n<meta name=\"robots\" content=\"index, follow, max-snippet:-1, max-image-preview:large, max-video-preview:-1\" \/>\n<link rel=\"canonical\" href=\"https:\/\/radioinfinitagoya.com.ar\/v1\/fiesta-del-surubi\/ambito-ideal-para-la\/\" \/>\n<meta property=\"og:locale\" content=\"es_ES\" \/>\n<meta property=\"og:type\" content=\"article\" \/>\n<meta property=\"og:title\" content=\"\u00c1MBITO IDEAL PARA LA - Radio Infinita Goya\" \/>\n<meta property=\"og:description\" content=\"R\u00edos y arroyos caudalosos, de brav\u00eda correntada y seductores remansos,lagunas cristalinas con abundante vegetaci\u00f3n lacustre o enormes playas de fina arena viajera, recoletos montes de especies aut\u00f3ctonas, sauzales y alisedas. carrizales interminables, correderas espumosas, todos elementos que confluyen para que en la zona de Goya se practiquen todos los deportes vinculados a la naturaleza y [&hellip;]\" \/>\n<meta property=\"og:url\" content=\"https:\/\/radioinfinitagoya.com.ar\/v1\/fiesta-del-surubi\/ambito-ideal-para-la\/\" \/>\n<meta property=\"og:site_name\" content=\"Radio Infinita Goya\" \/>\n<meta property=\"article:publisher\" content=\"https:\/\/www.facebook.com\/p\/Infinita-Goya-100063870918311\/\" \/>\n<meta name=\"twitter:card\" content=\"summary_large_image\" \/>\n<meta name=\"twitter:label1\" content=\"Tiempo de lectura\" \/>\n\t<meta name=\"twitter:data1\" content=\"5 minutos\" \/>\n<script type=\"application\/ld+json\" class=\"yoast-schema-graph\">{\"@context\":\"https:\/\/schema.org\",\"@graph\":[{\"@type\":\"WebPage\",\"@id\":\"https:\/\/radioinfinitagoya.com.ar\/v1\/fiesta-del-surubi\/ambito-ideal-para-la\/\",\"url\":\"https:\/\/radioinfinitagoya.com.ar\/v1\/fiesta-del-surubi\/ambito-ideal-para-la\/\",\"name\":\"\u00c1MBITO IDEAL PARA LA - Radio Infinita Goya\",\"isPartOf\":{\"@id\":\"https:\/\/radioinfinitagoya.com.ar\/v1\/#website\"},\"datePublished\":\"2019-11-09T20:22:04+00:00\",\"breadcrumb\":{\"@id\":\"https:\/\/radioinfinitagoya.com.ar\/v1\/fiesta-del-surubi\/ambito-ideal-para-la\/#breadcrumb\"},\"inLanguage\":\"es-AR\",\"potentialAction\":[{\"@type\":\"ReadAction\",\"target\":[\"https:\/\/radioinfinitagoya.com.ar\/v1\/fiesta-del-surubi\/ambito-ideal-para-la\/\"]}]},{\"@type\":\"BreadcrumbList\",\"@id\":\"https:\/\/radioinfinitagoya.com.ar\/v1\/fiesta-del-surubi\/ambito-ideal-para-la\/#breadcrumb\",\"itemListElement\":[{\"@type\":\"ListItem\",\"position\":1,\"name\":\"Inicio\",\"item\":\"https:\/\/radioinfinitagoya.com.ar\/v1\/\"},{\"@type\":\"ListItem\",\"position\":2,\"name\":\"FIESTA DEL SURUB\u00cd\",\"item\":\"https:\/\/radioinfinitagoya.com.ar\/v1\/fiesta-del-surubi\/\"},{\"@type\":\"ListItem\",\"position\":3,\"name\":\"\u00c1MBITO IDEAL PARA LA\"}]},{\"@type\":\"WebSite\",\"@id\":\"https:\/\/radioinfinitagoya.com.ar\/v1\/#website\",\"url\":\"https:\/\/radioinfinitagoya.com.ar\/v1\/\",\"name\":\"radioinfinitagoya.com.ar\",\"description\":\"Radio de noticias\",\"publisher\":{\"@id\":\"https:\/\/radioinfinitagoya.com.ar\/v1\/#organization\"},\"potentialAction\":[{\"@type\":\"SearchAction\",\"target\":{\"@type\":\"EntryPoint\",\"urlTemplate\":\"https:\/\/radioinfinitagoya.com.ar\/v1\/?s={search_term_string}\"},\"query-input\":{\"@type\":\"PropertyValueSpecification\",\"valueRequired\":true,\"valueName\":\"search_term_string\"}}],\"inLanguage\":\"es-AR\"},{\"@type\":\"Organization\",\"@id\":\"https:\/\/radioinfinitagoya.com.ar\/v1\/#organization\",\"name\":\"Radio Infinita Goya\",\"url\":\"https:\/\/radioinfinitagoya.com.ar\/v1\/\",\"logo\":{\"@type\":\"ImageObject\",\"inLanguage\":\"es-AR\",\"@id\":\"https:\/\/radioinfinitagoya.com.ar\/v1\/#\/schema\/logo\/image\/\",\"url\":\"https:\/\/radioinfinitagoya.com.ar\/v1\/wp-content\/uploads\/2019\/11\/logo-pie-web.png\",\"contentUrl\":\"https:\/\/radioinfinitagoya.com.ar\/v1\/wp-content\/uploads\/2019\/11\/logo-pie-web.png\",\"width\":635,\"height\":326,\"caption\":\"Radio Infinita Goya\"},\"image\":{\"@id\":\"https:\/\/radioinfinitagoya.com.ar\/v1\/#\/schema\/logo\/image\/\"},\"sameAs\":[\"https:\/\/www.facebook.com\/p\/Infinita-Goya-100063870918311\/\"]}]}<\/script>\n<!-- \/ Yoast SEO plugin. -->","yoast_head_json":{"title":"\u00c1MBITO IDEAL PARA LA - Radio Infinita Goya","robots":{"index":"index","follow":"follow","max-snippet":"max-snippet:-1","max-image-preview":"max-image-preview:large","max-video-preview":"max-video-preview:-1"},"canonical":"https:\/\/radioinfinitagoya.com.ar\/v1\/fiesta-del-surubi\/ambito-ideal-para-la\/","og_locale":"es_ES","og_type":"article","og_title":"\u00c1MBITO IDEAL PARA LA - Radio Infinita Goya","og_description":"R\u00edos y arroyos caudalosos, de brav\u00eda correntada y seductores remansos,lagunas cristalinas con abundante vegetaci\u00f3n lacustre o enormes playas de fina arena viajera, recoletos montes de especies aut\u00f3ctonas, sauzales y alisedas. carrizales interminables, correderas espumosas, todos elementos que confluyen para que en la zona de Goya se practiquen todos los deportes vinculados a la naturaleza y [&hellip;]","og_url":"https:\/\/radioinfinitagoya.com.ar\/v1\/fiesta-del-surubi\/ambito-ideal-para-la\/","og_site_name":"Radio Infinita Goya","article_publisher":"https:\/\/www.facebook.com\/p\/Infinita-Goya-100063870918311\/","twitter_card":"summary_large_image","twitter_misc":{"Tiempo de lectura":"5 minutos"},"schema":{"@context":"https:\/\/schema.org","@graph":[{"@type":"WebPage","@id":"https:\/\/radioinfinitagoya.com.ar\/v1\/fiesta-del-surubi\/ambito-ideal-para-la\/","url":"https:\/\/radioinfinitagoya.com.ar\/v1\/fiesta-del-surubi\/ambito-ideal-para-la\/","name":"\u00c1MBITO IDEAL PARA LA - Radio Infinita Goya","isPartOf":{"@id":"https:\/\/radioinfinitagoya.com.ar\/v1\/#website"},"datePublished":"2019-11-09T20:22:04+00:00","breadcrumb":{"@id":"https:\/\/radioinfinitagoya.com.ar\/v1\/fiesta-del-surubi\/ambito-ideal-para-la\/#breadcrumb"},"inLanguage":"es-AR","potentialAction":[{"@type":"ReadAction","target":["https:\/\/radioinfinitagoya.com.ar\/v1\/fiesta-del-surubi\/ambito-ideal-para-la\/"]}]},{"@type":"BreadcrumbList","@id":"https:\/\/radioinfinitagoya.com.ar\/v1\/fiesta-del-surubi\/ambito-ideal-para-la\/#breadcrumb","itemListElement":[{"@type":"ListItem","position":1,"name":"Inicio","item":"https:\/\/radioinfinitagoya.com.ar\/v1\/"},{"@type":"ListItem","position":2,"name":"FIESTA DEL SURUB\u00cd","item":"https:\/\/radioinfinitagoya.com.ar\/v1\/fiesta-del-surubi\/"},{"@type":"ListItem","position":3,"name":"\u00c1MBITO IDEAL PARA LA"}]},{"@type":"WebSite","@id":"https:\/\/radioinfinitagoya.com.ar\/v1\/#website","url":"https:\/\/radioinfinitagoya.com.ar\/v1\/","name":"radioinfinitagoya.com.ar","description":"Radio de noticias","publisher":{"@id":"https:\/\/radioinfinitagoya.com.ar\/v1\/#organization"},"potentialAction":[{"@type":"SearchAction","target":{"@type":"EntryPoint","urlTemplate":"https:\/\/radioinfinitagoya.com.ar\/v1\/?s={search_term_string}"},"query-input":{"@type":"PropertyValueSpecification","valueRequired":true,"valueName":"search_term_string"}}],"inLanguage":"es-AR"},{"@type":"Organization","@id":"https:\/\/radioinfinitagoya.com.ar\/v1\/#organization","name":"Radio Infinita Goya","url":"https:\/\/radioinfinitagoya.com.ar\/v1\/","logo":{"@type":"ImageObject","inLanguage":"es-AR","@id":"https:\/\/radioinfinitagoya.com.ar\/v1\/#\/schema\/logo\/image\/","url":"https:\/\/radioinfinitagoya.com.ar\/v1\/wp-content\/uploads\/2019\/11\/logo-pie-web.png","contentUrl":"https:\/\/radioinfinitagoya.com.ar\/v1\/wp-content\/uploads\/2019\/11\/logo-pie-web.png","width":635,"height":326,"caption":"Radio Infinita Goya"},"image":{"@id":"https:\/\/radioinfinitagoya.com.ar\/v1\/#\/schema\/logo\/image\/"},"sameAs":["https:\/\/www.facebook.com\/p\/Infinita-Goya-100063870918311\/"]}]}},"_links":{"self":[{"href":"https:\/\/radioinfinitagoya.com.ar\/v1\/wp-json\/wp\/v2\/pages\/255","targetHints":{"allow":["GET"]}}],"collection":[{"href":"https:\/\/radioinfinitagoya.com.ar\/v1\/wp-json\/wp\/v2\/pages"}],"about":[{"href":"https:\/\/radioinfinitagoya.com.ar\/v1\/wp-json\/wp\/v2\/types\/page"}],"author":[{"embeddable":true,"href":"https:\/\/radioinfinitagoya.com.ar\/v1\/wp-json\/wp\/v2\/users\/1"}],"replies":[{"embeddable":true,"href":"https:\/\/radioinfinitagoya.com.ar\/v1\/wp-json\/wp\/v2\/comments?post=255"}],"version-history":[{"count":0,"href":"https:\/\/radioinfinitagoya.com.ar\/v1\/wp-json\/wp\/v2\/pages\/255\/revisions"}],"up":[{"embeddable":true,"href":"https:\/\/radioinfinitagoya.com.ar\/v1\/wp-json\/wp\/v2\/pages\/238"}],"wp:attachment":[{"href":"https:\/\/radioinfinitagoya.com.ar\/v1\/wp-json\/wp\/v2\/media?parent=255"}],"curies":[{"name":"wp","href":"https:\/\/api.w.org\/{rel}","templated":true}]}}