{"id":259,"date":"2019-11-09T17:34:56","date_gmt":"2019-11-09T20:34:56","guid":{"rendered":"https:\/\/radioinfinitagoya.com.ar\/v1\/?page_id=259"},"modified":"2019-11-09T17:36:40","modified_gmt":"2019-11-09T20:36:40","slug":"goya-re-espera-forastero","status":"publish","type":"page","link":"https:\/\/radioinfinitagoya.com.ar\/v1\/fiesta-del-surubi\/goya-re-espera-forastero\/","title":{"rendered":"GOYA TE ESPERA. FORASTERO"},"content":{"rendered":"<div class=\"art-layout-cell art-content clearfix\">\n<div class=\"item-page\">\n<article class=\"art-post\">\n<div class=\"art-postcontent clearfix\">\n<div class=\"art-article\">\n<p>Goya es sin\u00f3nimo de Surub\u00ed. Varios kil\u00f3metros del R\u00edo Paran\u00e1 con sus riachos y cortadas son el h\u00e1bitat del \u201cPr\u00edncipe del Paran\u00e1\u201d.<\/p>\n<p>La Fiesta, cuya raz\u00f3n es festejar los esfuerzos de los verdaderos amantes del deporte del silencio, comienza el lunes anterior al inicio del Concurso, con la inauguraci\u00f3n de la Expo-Goya donde se hacen exposiciones industriales, comerciales, artesanales, etc. Tambi\u00e9n se realizan eventos culturales que realzan el car\u00e1cter de la Fiesta.<\/p>\n<p>Es de resaltar el entusiasmo que presentan las bonitas se\u00f1oritas que competir\u00e1n por ce\u00f1ir en sus cabezas la corona que las declare \u201cReina de la Fiesta Nacional del Surub\u00ed\u201d.<\/p>\n<\/div>\n<\/div>\n<\/article>\n<\/div>\n<\/div>\n","protected":false},"excerpt":{"rendered":"<p>Goya es sin\u00f3nimo de Surub\u00ed. Varios kil\u00f3metros del R\u00edo Paran\u00e1 con sus riachos y cortadas son el h\u00e1bitat del \u201cPr\u00edncipe del Paran\u00e1\u201d. La Fiesta, cuya raz\u00f3n es festejar los esfuerzos de los verdaderos amantes del deporte del silencio, comienza el lunes anterior al inicio del Concurso, con la inauguraci\u00f3n de la Expo-Goya donde se hacen [&hellip;]<\/p>\n","protected":false},"author":1,"featured_media":0,"parent":238,"menu_order":0,"comment_status":"closed","ping_status":"closed","template":"","meta":{"_joinchat":[],"footnotes":""},"class_list":["post-259","page","type-page","status-publish"],"yoast_head":"<!-- This site is optimized with the Yoast SEO plugin v27.2 - https:\/\/yoast.com\/product\/yoast-seo-wordpress\/ -->\n<title>GOYA TE ESPERA. FORASTERO - Radio Infinita Goya<\/title>\n<meta name=\"robots\" content=\"index, follow, max-snippet:-1, max-image-preview:large, max-video-preview:-1\" \/>\n<link rel=\"canonical\" href=\"https:\/\/radioinfinitagoya.com.ar\/v1\/fiesta-del-surubi\/goya-re-espera-forastero\/\" \/>\n<meta property=\"og:locale\" content=\"es_ES\" \/>\n<meta property=\"og:type\" content=\"article\" \/>\n<meta property=\"og:title\" content=\"GOYA TE ESPERA. FORASTERO - Radio Infinita Goya\" \/>\n<meta property=\"og:description\" content=\"Goya es sin\u00f3nimo de Surub\u00ed. Varios kil\u00f3metros del R\u00edo Paran\u00e1 con sus riachos y cortadas son el h\u00e1bitat del \u201cPr\u00edncipe del Paran\u00e1\u201d. La Fiesta, cuya raz\u00f3n es festejar los esfuerzos de los verdaderos amantes del deporte del silencio, comienza el lunes anterior al inicio del Concurso, con la inauguraci\u00f3n de la Expo-Goya donde se hacen [&hellip;]\" \/>\n<meta property=\"og:url\" content=\"https:\/\/radioinfinitagoya.com.ar\/v1\/fiesta-del-surubi\/goya-re-espera-forastero\/\" \/>\n<meta property=\"og:site_name\" content=\"Radio Infinita Goya\" \/>\n<meta property=\"article:publisher\" content=\"https:\/\/www.facebook.com\/p\/Infinita-Goya-100063870918311\/\" \/>\n<meta property=\"article:modified_time\" content=\"2019-11-09T20:36:40+00:00\" \/>\n<meta name=\"twitter:card\" content=\"summary_large_image\" \/>\n<meta name=\"twitter:label1\" content=\"Tiempo de lectura\" \/>\n\t<meta name=\"twitter:data1\" content=\"1 minuto\" \/>\n<script type=\"application\/ld+json\" class=\"yoast-schema-graph\">{\"@context\":\"https:\/\/schema.org\",\"@graph\":[{\"@type\":\"WebPage\",\"@id\":\"https:\/\/radioinfinitagoya.com.ar\/v1\/fiesta-del-surubi\/goya-re-espera-forastero\/\",\"url\":\"https:\/\/radioinfinitagoya.com.ar\/v1\/fiesta-del-surubi\/goya-re-espera-forastero\/\",\"name\":\"GOYA TE ESPERA. FORASTERO - Radio Infinita Goya\",\"isPartOf\":{\"@id\":\"https:\/\/radioinfinitagoya.com.ar\/v1\/#website\"},\"datePublished\":\"2019-11-09T20:34:56+00:00\",\"dateModified\":\"2019-11-09T20:36:40+00:00\",\"breadcrumb\":{\"@id\":\"https:\/\/radioinfinitagoya.com.ar\/v1\/fiesta-del-surubi\/goya-re-espera-forastero\/#breadcrumb\"},\"inLanguage\":\"es-AR\",\"potentialAction\":[{\"@type\":\"ReadAction\",\"target\":[\"https:\/\/radioinfinitagoya.com.ar\/v1\/fiesta-del-surubi\/goya-re-espera-forastero\/\"]}]},{\"@type\":\"BreadcrumbList\",\"@id\":\"https:\/\/radioinfinitagoya.com.ar\/v1\/fiesta-del-surubi\/goya-re-espera-forastero\/#breadcrumb\",\"itemListElement\":[{\"@type\":\"ListItem\",\"position\":1,\"name\":\"Inicio\",\"item\":\"https:\/\/radioinfinitagoya.com.ar\/v1\/\"},{\"@type\":\"ListItem\",\"position\":2,\"name\":\"FIESTA DEL SURUB\u00cd\",\"item\":\"https:\/\/radioinfinitagoya.com.ar\/v1\/fiesta-del-surubi\/\"},{\"@type\":\"ListItem\",\"position\":3,\"name\":\"GOYA TE ESPERA. FORASTERO\"}]},{\"@type\":\"WebSite\",\"@id\":\"https:\/\/radioinfinitagoya.com.ar\/v1\/#website\",\"url\":\"https:\/\/radioinfinitagoya.com.ar\/v1\/\",\"name\":\"radioinfinitagoya.com.ar\",\"description\":\"Radio de noticias\",\"publisher\":{\"@id\":\"https:\/\/radioinfinitagoya.com.ar\/v1\/#organization\"},\"potentialAction\":[{\"@type\":\"SearchAction\",\"target\":{\"@type\":\"EntryPoint\",\"urlTemplate\":\"https:\/\/radioinfinitagoya.com.ar\/v1\/?s={search_term_string}\"},\"query-input\":{\"@type\":\"PropertyValueSpecification\",\"valueRequired\":true,\"valueName\":\"search_term_string\"}}],\"inLanguage\":\"es-AR\"},{\"@type\":\"Organization\",\"@id\":\"https:\/\/radioinfinitagoya.com.ar\/v1\/#organization\",\"name\":\"Radio Infinita Goya\",\"url\":\"https:\/\/radioinfinitagoya.com.ar\/v1\/\",\"logo\":{\"@type\":\"ImageObject\",\"inLanguage\":\"es-AR\",\"@id\":\"https:\/\/radioinfinitagoya.com.ar\/v1\/#\/schema\/logo\/image\/\",\"url\":\"https:\/\/radioinfinitagoya.com.ar\/v1\/wp-content\/uploads\/2019\/11\/logo-pie-web.png\",\"contentUrl\":\"https:\/\/radioinfinitagoya.com.ar\/v1\/wp-content\/uploads\/2019\/11\/logo-pie-web.png\",\"width\":635,\"height\":326,\"caption\":\"Radio Infinita Goya\"},\"image\":{\"@id\":\"https:\/\/radioinfinitagoya.com.ar\/v1\/#\/schema\/logo\/image\/\"},\"sameAs\":[\"https:\/\/www.facebook.com\/p\/Infinita-Goya-100063870918311\/\"]}]}<\/script>\n<!-- \/ Yoast SEO plugin. -->","yoast_head_json":{"title":"GOYA TE ESPERA. FORASTERO - Radio Infinita Goya","robots":{"index":"index","follow":"follow","max-snippet":"max-snippet:-1","max-image-preview":"max-image-preview:large","max-video-preview":"max-video-preview:-1"},"canonical":"https:\/\/radioinfinitagoya.com.ar\/v1\/fiesta-del-surubi\/goya-re-espera-forastero\/","og_locale":"es_ES","og_type":"article","og_title":"GOYA TE ESPERA. FORASTERO - Radio Infinita Goya","og_description":"Goya es sin\u00f3nimo de Surub\u00ed. Varios kil\u00f3metros del R\u00edo Paran\u00e1 con sus riachos y cortadas son el h\u00e1bitat del \u201cPr\u00edncipe del Paran\u00e1\u201d. La Fiesta, cuya raz\u00f3n es festejar los esfuerzos de los verdaderos amantes del deporte del silencio, comienza el lunes anterior al inicio del Concurso, con la inauguraci\u00f3n de la Expo-Goya donde se hacen [&hellip;]","og_url":"https:\/\/radioinfinitagoya.com.ar\/v1\/fiesta-del-surubi\/goya-re-espera-forastero\/","og_site_name":"Radio Infinita Goya","article_publisher":"https:\/\/www.facebook.com\/p\/Infinita-Goya-100063870918311\/","article_modified_time":"2019-11-09T20:36:40+00:00","twitter_card":"summary_large_image","twitter_misc":{"Tiempo de lectura":"1 minuto"},"schema":{"@context":"https:\/\/schema.org","@graph":[{"@type":"WebPage","@id":"https:\/\/radioinfinitagoya.com.ar\/v1\/fiesta-del-surubi\/goya-re-espera-forastero\/","url":"https:\/\/radioinfinitagoya.com.ar\/v1\/fiesta-del-surubi\/goya-re-espera-forastero\/","name":"GOYA TE ESPERA. FORASTERO - Radio Infinita Goya","isPartOf":{"@id":"https:\/\/radioinfinitagoya.com.ar\/v1\/#website"},"datePublished":"2019-11-09T20:34:56+00:00","dateModified":"2019-11-09T20:36:40+00:00","breadcrumb":{"@id":"https:\/\/radioinfinitagoya.com.ar\/v1\/fiesta-del-surubi\/goya-re-espera-forastero\/#breadcrumb"},"inLanguage":"es-AR","potentialAction":[{"@type":"ReadAction","target":["https:\/\/radioinfinitagoya.com.ar\/v1\/fiesta-del-surubi\/goya-re-espera-forastero\/"]}]},{"@type":"BreadcrumbList","@id":"https:\/\/radioinfinitagoya.com.ar\/v1\/fiesta-del-surubi\/goya-re-espera-forastero\/#breadcrumb","itemListElement":[{"@type":"ListItem","position":1,"name":"Inicio","item":"https:\/\/radioinfinitagoya.com.ar\/v1\/"},{"@type":"ListItem","position":2,"name":"FIESTA DEL SURUB\u00cd","item":"https:\/\/radioinfinitagoya.com.ar\/v1\/fiesta-del-surubi\/"},{"@type":"ListItem","position":3,"name":"GOYA TE ESPERA. FORASTERO"}]},{"@type":"WebSite","@id":"https:\/\/radioinfinitagoya.com.ar\/v1\/#website","url":"https:\/\/radioinfinitagoya.com.ar\/v1\/","name":"radioinfinitagoya.com.ar","description":"Radio de noticias","publisher":{"@id":"https:\/\/radioinfinitagoya.com.ar\/v1\/#organization"},"potentialAction":[{"@type":"SearchAction","target":{"@type":"EntryPoint","urlTemplate":"https:\/\/radioinfinitagoya.com.ar\/v1\/?s={search_term_string}"},"query-input":{"@type":"PropertyValueSpecification","valueRequired":true,"valueName":"search_term_string"}}],"inLanguage":"es-AR"},{"@type":"Organization","@id":"https:\/\/radioinfinitagoya.com.ar\/v1\/#organization","name":"Radio Infinita Goya","url":"https:\/\/radioinfinitagoya.com.ar\/v1\/","logo":{"@type":"ImageObject","inLanguage":"es-AR","@id":"https:\/\/radioinfinitagoya.com.ar\/v1\/#\/schema\/logo\/image\/","url":"https:\/\/radioinfinitagoya.com.ar\/v1\/wp-content\/uploads\/2019\/11\/logo-pie-web.png","contentUrl":"https:\/\/radioinfinitagoya.com.ar\/v1\/wp-content\/uploads\/2019\/11\/logo-pie-web.png","width":635,"height":326,"caption":"Radio Infinita Goya"},"image":{"@id":"https:\/\/radioinfinitagoya.com.ar\/v1\/#\/schema\/logo\/image\/"},"sameAs":["https:\/\/www.facebook.com\/p\/Infinita-Goya-100063870918311\/"]}]}},"_links":{"self":[{"href":"https:\/\/radioinfinitagoya.com.ar\/v1\/wp-json\/wp\/v2\/pages\/259","targetHints":{"allow":["GET"]}}],"collection":[{"href":"https:\/\/radioinfinitagoya.com.ar\/v1\/wp-json\/wp\/v2\/pages"}],"about":[{"href":"https:\/\/radioinfinitagoya.com.ar\/v1\/wp-json\/wp\/v2\/types\/page"}],"author":[{"embeddable":true,"href":"https:\/\/radioinfinitagoya.com.ar\/v1\/wp-json\/wp\/v2\/users\/1"}],"replies":[{"embeddable":true,"href":"https:\/\/radioinfinitagoya.com.ar\/v1\/wp-json\/wp\/v2\/comments?post=259"}],"version-history":[{"count":0,"href":"https:\/\/radioinfinitagoya.com.ar\/v1\/wp-json\/wp\/v2\/pages\/259\/revisions"}],"up":[{"embeddable":true,"href":"https:\/\/radioinfinitagoya.com.ar\/v1\/wp-json\/wp\/v2\/pages\/238"}],"wp:attachment":[{"href":"https:\/\/radioinfinitagoya.com.ar\/v1\/wp-json\/wp\/v2\/media?parent=259"}],"curies":[{"name":"wp","href":"https:\/\/api.w.org\/{rel}","templated":true}]}}