{"id":265,"date":"2019-11-09T18:03:03","date_gmt":"2019-11-09T21:03:03","guid":{"rendered":"https:\/\/radioinfinitagoya.com.ar\/v1\/?page_id=265"},"modified":"2019-11-09T18:03:03","modified_gmt":"2019-11-09T21:03:03","slug":"ganadores-del-concurso","status":"publish","type":"page","link":"https:\/\/radioinfinitagoya.com.ar\/v1\/fiesta-del-surubi\/ganadores-del-concurso\/","title":{"rendered":"GANADORES DEL CONCURSO"},"content":{"rendered":"<div class=\"art-layout-cell art-content clearfix\">\n<div class=\"item-page\">\n<article class=\"art-post\">\n<div class=\"art-postcontent clearfix\">\n<div class=\"art-article\">\n<p>Ganadores del Concurso Nacional de Pesca del Surub\u00ed<\/p>\n<p>1969. MILLS \u2013 ZALAZAR. Club Yacar\u00e9, Ctes.<\/p>\n<p>1971. Angel Zini- Roberto Diaz- Hugo Santajuliana (Club Espa\u00f1ol) Goya.<\/p>\n<p>1977. Rub\u00e9n Nicoletti y Mingo Esquen\u00f3n. Club Caza y Pesca Do\u00f1a Goya.<\/p>\n<p>1978. Agust\u00edn Zalazar y Walter Antonio. Club Piray\u00fa de Corrientes.<\/p>\n<p>1979. P\u00edo Elgul y Jorge Moro. Club N\u00e1utico y Pesca de Goya.<\/p>\n<p>1980. Jorge Vilas y Horacio Lopez Boeri. Club N\u00e1utico y Pesca de Goya.<\/p>\n<p>1981. Hern\u00e1n Baibiene y Ram\u00f3n Lom\u00f3naco. Club N\u00e1utico y Pesca de Goya.<\/p>\n<p>1982. No se realiz\u00f3 concurso por el conflicto b\u00e9lico de Malvinas<\/p>\n<p>1983. No se realiz\u00f3 concurso por las inundaciones.<\/p>\n<p>1984. Oscar Romero y Alfredo Cian, del Centro Social y Deportivo Juventud Unida (Goya)<\/p>\n<p>1985. Carlos Stauccioli y Oscar Guastavino, del Club central Goya.<\/p>\n<p>1986. Carlos Galarza y Francisco Madro\u00f1al, del Centro Social y Deportivo Juventud Unida (Goya)<\/p>\n<p>1987. Guillermo Lamas y Carlos Rampi, del Club Espa\u00f1ol (Goya).<\/p>\n<p>1988. Isaac y Daniel Cuadrado, de la Barra Pesquera El Surub\u00ed Mayor.<\/p>\n<p>1989. Oscar Moyano y Diego Vilas, del Club Social Argentino.<\/p>\n<p>1990. Carlos A. Mac\u00edas y Silvio Cabrera, de la Barra Pesquera El Surub\u00ed Matero.<\/p>\n<p>1991. Rodolfo Iba\u00f1ez y Oscar Zampallone, del Club Hurac\u00e1n (Goya)<\/p>\n<p>1992. Dar\u00edo Depiaggo y Mario Savoy, del club N\u00e1utico y Pesca de Goya.<\/p>\n<p>1993. Sergio Comisso y Jos\u00e9 Montero, de la Barra Pat\u00ed Ca\u00fa de Reconquista.<\/p>\n<p>1994. Diego Vilas y Oscar Moyano, del Club Social Argentino.<\/p>\n<p>1995. H\u00e9ctor y Abel L\u00f3pez, del Club Hurac\u00e1n de Goya.<\/p>\n<p>1996. Vicente Hugo Lacava y Guillermo Federico Kammerich, del Club N\u00e1utico y Pesca de Goya.<\/p>\n<p>1997. Rub\u00e9n Barboza, Juan Jos\u00e9 Zappa y Sergio Apez, de la Barra Pesquera El Surub\u00ed Matero.<\/p>\n<p>1998. No se realiz\u00f3 el concurso por inundaciones.<\/p>\n<p>1999. Juan y Carlos Esp\u00edndola e Isidro Monz\u00f3n, de SUETRA.<\/p>\n<p>2000. Sergio Rija, Ram\u00f3n Ortiz y Luis C\u00e9spedes del Club Hurac\u00e1n (Goya).<\/p>\n<p>2001. Torossi Carlos, Genovese Mario, Viola Alfredo (Reconquista Santa Fe)<\/p>\n<p>2002. Carreras, Carlos (Quilmes, Bs. As.) Merello, Jorge (Goya, Ctes.) Skrypnyk, Federico (Quilmes, Bs. As.)<\/p>\n<p>2003. Daniel Trovato, Nicol\u00e1s Gonz\u00e1les (Quilmes, Bs.As.) y \u00c1ngel Galarza (Goya)<\/p>\n<p>2004. Cha Gerardo, Cha Cristian (Villa Moquehua Bs. As.) Britos, Ram\u00f3n (Santa Elena Entre R\u00edos).<\/p>\n<p>2005. GUGLIELMI, Osvaldo; GAUNA, Alberto; AQUINO, Juan Carlos Reconquista (Santa Fe) Pe\u00f1a los amigos del r\u00edo.<\/p>\n<p>2006. Javier Borgobello, Miguel Angel Haller y Cristian Galli,Paran\u00e1 (Entre R\u00edos), Barra pesquera \u201cEl Surub\u00ed Chamarritero\u201d<\/p>\n<p>2007. ALBORNOZ Mart\u00edn, OTERO Lucas y RICO Enzo, representantes de la Barra Pesquera Surubi Kokito de Goya (Corrientes) y oriundos de Chajar\u00ed (Entre R\u00edos), Monte Caseros (Ctes) y Concordia (Entre R\u00edos) respectivamente.<\/p>\n<p>2008. Fern\u00e1ndez Felipe, Regmer German, Almiron Jose representantes de la Barra Pesquera Surub\u00ed Kokito de Goya.<\/p>\n<p>2009. Domingo, Domingo y Eduardo Casco, representantes de la Barra Pesquera Surub\u00ed Kokito de Goya.<\/p>\n<p>2010. Pablo Chapero, Sebasti\u00e1n Piasentini y Waldo Nahuel Cremona, con un total de 80.70,\u00a0Barra Pesquera \u201cSurub\u00ed Kokyto\u201d<\/p>\n<p>2011. Ganadores del Concurso: Barra Pesquera \u201cSurub\u00ed Pusuca\u201d.<\/p>\n<p>2012. Fern\u00e1ndez Ver\u00f3nica, Fern\u00e1ndez Carlos y Medina Luis, Barra Pesquera Santa Rita Goya Corrientes.<\/p>\n<p>2013. Ernesto Barrios, Alberto Vali\u00f1a Nicoletti, Roly Dalinger. Barra Pesquera Hurac\u00e1n.<\/p>\n<p>2014. Jalili Mat\u00edas, Luciano Pastocchi, Adrian Ottaviano. Barra Pesquera Luj\u00e1n.<\/p>\n<p>2015.\u00a0G\u00f3mez Jorge, G\u00f3mez Gast\u00f3n y Garc\u00eda Omar.\u00a0Barra Pesquera Santa Rita<\/p>\n<\/div>\n<\/div>\n<\/article>\n<\/div>\n<\/div>\n","protected":false},"excerpt":{"rendered":"<p>Ganadores del Concurso Nacional de Pesca del Surub\u00ed 1969. MILLS \u2013 ZALAZAR. Club Yacar\u00e9, Ctes. 1971. Angel Zini- Roberto Diaz- Hugo Santajuliana (Club Espa\u00f1ol) Goya. 1977. Rub\u00e9n Nicoletti y Mingo Esquen\u00f3n. Club Caza y Pesca Do\u00f1a Goya. 1978. Agust\u00edn Zalazar y Walter Antonio. Club Piray\u00fa de Corrientes. 1979. P\u00edo Elgul y Jorge Moro. Club N\u00e1utico [&hellip;]<\/p>\n","protected":false},"author":1,"featured_media":0,"parent":238,"menu_order":0,"comment_status":"closed","ping_status":"closed","template":"","meta":{"_joinchat":[],"footnotes":""},"class_list":["post-265","page","type-page","status-publish"],"yoast_head":"<!-- This site is optimized with the Yoast SEO plugin v27.2 - https:\/\/yoast.com\/product\/yoast-seo-wordpress\/ -->\n<title>GANADORES DEL CONCURSO - Radio Infinita Goya<\/title>\n<meta name=\"robots\" content=\"index, follow, max-snippet:-1, max-image-preview:large, max-video-preview:-1\" \/>\n<link rel=\"canonical\" href=\"https:\/\/radioinfinitagoya.com.ar\/v1\/fiesta-del-surubi\/ganadores-del-concurso\/\" \/>\n<meta property=\"og:locale\" content=\"es_ES\" \/>\n<meta property=\"og:type\" content=\"article\" \/>\n<meta property=\"og:title\" content=\"GANADORES DEL CONCURSO - Radio Infinita Goya\" \/>\n<meta property=\"og:description\" content=\"Ganadores del Concurso Nacional de Pesca del Surub\u00ed 1969. MILLS \u2013 ZALAZAR. Club Yacar\u00e9, Ctes. 1971. Angel Zini- Roberto Diaz- Hugo Santajuliana (Club Espa\u00f1ol) Goya. 1977. Rub\u00e9n Nicoletti y Mingo Esquen\u00f3n. Club Caza y Pesca Do\u00f1a Goya. 1978. Agust\u00edn Zalazar y Walter Antonio. Club Piray\u00fa de Corrientes. 1979. P\u00edo Elgul y Jorge Moro. Club N\u00e1utico [&hellip;]\" \/>\n<meta property=\"og:url\" content=\"https:\/\/radioinfinitagoya.com.ar\/v1\/fiesta-del-surubi\/ganadores-del-concurso\/\" \/>\n<meta property=\"og:site_name\" content=\"Radio Infinita Goya\" \/>\n<meta property=\"article:publisher\" content=\"https:\/\/www.facebook.com\/p\/Infinita-Goya-100063870918311\/\" \/>\n<meta name=\"twitter:card\" content=\"summary_large_image\" \/>\n<meta name=\"twitter:label1\" content=\"Tiempo de lectura\" \/>\n\t<meta name=\"twitter:data1\" content=\"3 minutos\" \/>\n<script type=\"application\/ld+json\" class=\"yoast-schema-graph\">{\"@context\":\"https:\/\/schema.org\",\"@graph\":[{\"@type\":\"WebPage\",\"@id\":\"https:\/\/radioinfinitagoya.com.ar\/v1\/fiesta-del-surubi\/ganadores-del-concurso\/\",\"url\":\"https:\/\/radioinfinitagoya.com.ar\/v1\/fiesta-del-surubi\/ganadores-del-concurso\/\",\"name\":\"GANADORES DEL CONCURSO - Radio Infinita Goya\",\"isPartOf\":{\"@id\":\"https:\/\/radioinfinitagoya.com.ar\/v1\/#website\"},\"datePublished\":\"2019-11-09T21:03:03+00:00\",\"breadcrumb\":{\"@id\":\"https:\/\/radioinfinitagoya.com.ar\/v1\/fiesta-del-surubi\/ganadores-del-concurso\/#breadcrumb\"},\"inLanguage\":\"es-AR\",\"potentialAction\":[{\"@type\":\"ReadAction\",\"target\":[\"https:\/\/radioinfinitagoya.com.ar\/v1\/fiesta-del-surubi\/ganadores-del-concurso\/\"]}]},{\"@type\":\"BreadcrumbList\",\"@id\":\"https:\/\/radioinfinitagoya.com.ar\/v1\/fiesta-del-surubi\/ganadores-del-concurso\/#breadcrumb\",\"itemListElement\":[{\"@type\":\"ListItem\",\"position\":1,\"name\":\"Inicio\",\"item\":\"https:\/\/radioinfinitagoya.com.ar\/v1\/\"},{\"@type\":\"ListItem\",\"position\":2,\"name\":\"FIESTA DEL SURUB\u00cd\",\"item\":\"https:\/\/radioinfinitagoya.com.ar\/v1\/fiesta-del-surubi\/\"},{\"@type\":\"ListItem\",\"position\":3,\"name\":\"GANADORES DEL CONCURSO\"}]},{\"@type\":\"WebSite\",\"@id\":\"https:\/\/radioinfinitagoya.com.ar\/v1\/#website\",\"url\":\"https:\/\/radioinfinitagoya.com.ar\/v1\/\",\"name\":\"radioinfinitagoya.com.ar\",\"description\":\"Radio de noticias\",\"publisher\":{\"@id\":\"https:\/\/radioinfinitagoya.com.ar\/v1\/#organization\"},\"potentialAction\":[{\"@type\":\"SearchAction\",\"target\":{\"@type\":\"EntryPoint\",\"urlTemplate\":\"https:\/\/radioinfinitagoya.com.ar\/v1\/?s={search_term_string}\"},\"query-input\":{\"@type\":\"PropertyValueSpecification\",\"valueRequired\":true,\"valueName\":\"search_term_string\"}}],\"inLanguage\":\"es-AR\"},{\"@type\":\"Organization\",\"@id\":\"https:\/\/radioinfinitagoya.com.ar\/v1\/#organization\",\"name\":\"Radio Infinita Goya\",\"url\":\"https:\/\/radioinfinitagoya.com.ar\/v1\/\",\"logo\":{\"@type\":\"ImageObject\",\"inLanguage\":\"es-AR\",\"@id\":\"https:\/\/radioinfinitagoya.com.ar\/v1\/#\/schema\/logo\/image\/\",\"url\":\"https:\/\/radioinfinitagoya.com.ar\/v1\/wp-content\/uploads\/2019\/11\/logo-pie-web.png\",\"contentUrl\":\"https:\/\/radioinfinitagoya.com.ar\/v1\/wp-content\/uploads\/2019\/11\/logo-pie-web.png\",\"width\":635,\"height\":326,\"caption\":\"Radio Infinita Goya\"},\"image\":{\"@id\":\"https:\/\/radioinfinitagoya.com.ar\/v1\/#\/schema\/logo\/image\/\"},\"sameAs\":[\"https:\/\/www.facebook.com\/p\/Infinita-Goya-100063870918311\/\"]}]}<\/script>\n<!-- \/ Yoast SEO plugin. -->","yoast_head_json":{"title":"GANADORES DEL CONCURSO - Radio Infinita Goya","robots":{"index":"index","follow":"follow","max-snippet":"max-snippet:-1","max-image-preview":"max-image-preview:large","max-video-preview":"max-video-preview:-1"},"canonical":"https:\/\/radioinfinitagoya.com.ar\/v1\/fiesta-del-surubi\/ganadores-del-concurso\/","og_locale":"es_ES","og_type":"article","og_title":"GANADORES DEL CONCURSO - Radio Infinita Goya","og_description":"Ganadores del Concurso Nacional de Pesca del Surub\u00ed 1969. MILLS \u2013 ZALAZAR. Club Yacar\u00e9, Ctes. 1971. Angel Zini- Roberto Diaz- Hugo Santajuliana (Club Espa\u00f1ol) Goya. 1977. Rub\u00e9n Nicoletti y Mingo Esquen\u00f3n. Club Caza y Pesca Do\u00f1a Goya. 1978. Agust\u00edn Zalazar y Walter Antonio. Club Piray\u00fa de Corrientes. 1979. P\u00edo Elgul y Jorge Moro. Club N\u00e1utico [&hellip;]","og_url":"https:\/\/radioinfinitagoya.com.ar\/v1\/fiesta-del-surubi\/ganadores-del-concurso\/","og_site_name":"Radio Infinita Goya","article_publisher":"https:\/\/www.facebook.com\/p\/Infinita-Goya-100063870918311\/","twitter_card":"summary_large_image","twitter_misc":{"Tiempo de lectura":"3 minutos"},"schema":{"@context":"https:\/\/schema.org","@graph":[{"@type":"WebPage","@id":"https:\/\/radioinfinitagoya.com.ar\/v1\/fiesta-del-surubi\/ganadores-del-concurso\/","url":"https:\/\/radioinfinitagoya.com.ar\/v1\/fiesta-del-surubi\/ganadores-del-concurso\/","name":"GANADORES DEL CONCURSO - Radio Infinita Goya","isPartOf":{"@id":"https:\/\/radioinfinitagoya.com.ar\/v1\/#website"},"datePublished":"2019-11-09T21:03:03+00:00","breadcrumb":{"@id":"https:\/\/radioinfinitagoya.com.ar\/v1\/fiesta-del-surubi\/ganadores-del-concurso\/#breadcrumb"},"inLanguage":"es-AR","potentialAction":[{"@type":"ReadAction","target":["https:\/\/radioinfinitagoya.com.ar\/v1\/fiesta-del-surubi\/ganadores-del-concurso\/"]}]},{"@type":"BreadcrumbList","@id":"https:\/\/radioinfinitagoya.com.ar\/v1\/fiesta-del-surubi\/ganadores-del-concurso\/#breadcrumb","itemListElement":[{"@type":"ListItem","position":1,"name":"Inicio","item":"https:\/\/radioinfinitagoya.com.ar\/v1\/"},{"@type":"ListItem","position":2,"name":"FIESTA DEL SURUB\u00cd","item":"https:\/\/radioinfinitagoya.com.ar\/v1\/fiesta-del-surubi\/"},{"@type":"ListItem","position":3,"name":"GANADORES DEL CONCURSO"}]},{"@type":"WebSite","@id":"https:\/\/radioinfinitagoya.com.ar\/v1\/#website","url":"https:\/\/radioinfinitagoya.com.ar\/v1\/","name":"radioinfinitagoya.com.ar","description":"Radio de noticias","publisher":{"@id":"https:\/\/radioinfinitagoya.com.ar\/v1\/#organization"},"potentialAction":[{"@type":"SearchAction","target":{"@type":"EntryPoint","urlTemplate":"https:\/\/radioinfinitagoya.com.ar\/v1\/?s={search_term_string}"},"query-input":{"@type":"PropertyValueSpecification","valueRequired":true,"valueName":"search_term_string"}}],"inLanguage":"es-AR"},{"@type":"Organization","@id":"https:\/\/radioinfinitagoya.com.ar\/v1\/#organization","name":"Radio Infinita Goya","url":"https:\/\/radioinfinitagoya.com.ar\/v1\/","logo":{"@type":"ImageObject","inLanguage":"es-AR","@id":"https:\/\/radioinfinitagoya.com.ar\/v1\/#\/schema\/logo\/image\/","url":"https:\/\/radioinfinitagoya.com.ar\/v1\/wp-content\/uploads\/2019\/11\/logo-pie-web.png","contentUrl":"https:\/\/radioinfinitagoya.com.ar\/v1\/wp-content\/uploads\/2019\/11\/logo-pie-web.png","width":635,"height":326,"caption":"Radio Infinita Goya"},"image":{"@id":"https:\/\/radioinfinitagoya.com.ar\/v1\/#\/schema\/logo\/image\/"},"sameAs":["https:\/\/www.facebook.com\/p\/Infinita-Goya-100063870918311\/"]}]}},"_links":{"self":[{"href":"https:\/\/radioinfinitagoya.com.ar\/v1\/wp-json\/wp\/v2\/pages\/265","targetHints":{"allow":["GET"]}}],"collection":[{"href":"https:\/\/radioinfinitagoya.com.ar\/v1\/wp-json\/wp\/v2\/pages"}],"about":[{"href":"https:\/\/radioinfinitagoya.com.ar\/v1\/wp-json\/wp\/v2\/types\/page"}],"author":[{"embeddable":true,"href":"https:\/\/radioinfinitagoya.com.ar\/v1\/wp-json\/wp\/v2\/users\/1"}],"replies":[{"embeddable":true,"href":"https:\/\/radioinfinitagoya.com.ar\/v1\/wp-json\/wp\/v2\/comments?post=265"}],"version-history":[{"count":0,"href":"https:\/\/radioinfinitagoya.com.ar\/v1\/wp-json\/wp\/v2\/pages\/265\/revisions"}],"up":[{"embeddable":true,"href":"https:\/\/radioinfinitagoya.com.ar\/v1\/wp-json\/wp\/v2\/pages\/238"}],"wp:attachment":[{"href":"https:\/\/radioinfinitagoya.com.ar\/v1\/wp-json\/wp\/v2\/media?parent=265"}],"curies":[{"name":"wp","href":"https:\/\/api.w.org\/{rel}","templated":true}]}}