{"id":2681,"date":"2020-01-02T15:30:27","date_gmt":"2020-01-02T18:30:27","guid":{"rendered":"https:\/\/radioinfinitagoya.com.ar\/v1\/?page_id=2681"},"modified":"2020-01-02T15:30:27","modified_gmt":"2020-01-02T18:30:27","slug":"bienvenidos-al-taragui","status":"publish","type":"page","link":"https:\/\/radioinfinitagoya.com.ar\/v1\/piramba\/bienvenidos-al-taragui\/","title":{"rendered":"Bienvenidos al Taragui"},"content":{"rendered":"<p><strong>Bienvenidos al Tarag\u00fc\u00ed<\/strong><\/p>\n<p>Provincia m\u00e1gica de la Mesopotamia Argentina es cuna del chamam\u00e9. Albergue de los mundialmente famosos Esteros del Ibera que actualmente visitan miles de turistas, quienes adem\u00e1s de mirar tienen la posibilidad de practicar turismo de aventura, turismo hist\u00f3rico, religioso, de estancia, de carnaval, de verano (con magn\u00edficos balnearios), y el turismo pesquero caracterizan y completan a la provincia. Pero vayamos a la pesca que es lo nuestro: La provincia de Corrientes es ba\u00f1ada en su costa norte y occidental por las aguas del r\u00edo Paran\u00e1, y su costa oriental por el r\u00edo Uruguay (adem\u00e1s de contener infinidad de r\u00edos, arroyos, esteros y lagunas interiores), h\u00e1bitats de grandes especies deportivas que tenemos en nuestro pa\u00eds. La estrella: El Dorado (el tigre de los r\u00edos (salminus maxillosus). Cohabitan con \u00e9l surub\u00edes, manguruy\u00fas, pat\u00edes, pac\u00faes, bogas, moncholos, armados, palometas, corvinas de r\u00edo, \u00abtarangas\u00bb o tarariras y rayas entre otras especies. Algunas de alto valor deportivo y otras de menor cuant\u00eda, buscadas por aficionados de todo el mundo. Presentamos su geograf\u00eda pesquera:<\/p>\n<p><strong>Costa Norte<\/strong><br \/>\nCuenta con amplios fondos pedregosos que hacen del lugar un h\u00e1bitat ideal para el dorado, que eligen acechar detr\u00e1s de grandes piedras para alimentarse, con el agregado de la \u00absoltada\u00bb de agua de la represa Yaciret\u00e1 que aporta su riqueza en forraje y una amplia variedad de especies. La infraestructura es imposible de detallar, pero garantizamos que la zona cuenta con instalaciones del nivel que elija de acuerdo a sus pretensiones o posibilidades.\u00a0<strong>*10)<\/strong>\u00a0Ituzaingo\u00a0<strong>*9)<\/strong>\u00a0Ita Ibat\u00e9\u00a0<strong>*8)<\/strong>\u00a0Itat\u00ed\u00a0<strong>*7)<\/strong>\u00a0Paso de la Patria.<br \/>\n<strong>Costa occidental<\/strong><br \/>\nLa m\u00e1s concurrida de todas por los aficionados, es un cl\u00e1sico a nivel mundial y los logros son, en algunos casos, similares a los alcanzados en el Alto Paran\u00e1. Comenzando por la ciudad de Esquina (El Portal Sur de Corrientes), pasando por Goya, Santa Luc\u00eda y Empedrado, como puntos emblem\u00e1ticos de la pesca deportiva, llegamos a la bifurcaci\u00f3n de aguas que un pescador llam\u00f3 \u00abLa Esquina de Corrientes y Paran\u00e1\u00bb: La confluencia de los r\u00edos Paran\u00e1 y Paraguay, lugar extraordinario si los hay, que aporta toda su riqueza alimenticia en forraje y tambi\u00e9n una amplia variedad de especies deportivas provenientes de las provincias de Formosa, Chaco y hasta de la hermana Rep\u00fablica de Paraguay y de su famosa cuenca h\u00eddrica con especies consideradas \u00fanicas.\u00a0<strong>*6)<\/strong>\u00a0Corrientes Capital\u00a0<strong>*5)<\/strong>\u00a0Empedrado\u00a0<strong>*4)<\/strong>\u00a0Bella Vista\u00a0<strong>*3)<\/strong>\u00a0Santa Luc\u00eda\u00a0<strong>*2)<\/strong>Goya\u00a0<strong>*1)<\/strong>\u00a0Esquina.<br \/>\n<strong>Costa Oriental<\/strong><br \/>\nEs \u00e9sta la menos concurrida de las tres, sin embargo es un alto exponente de esta pesca. Faltar\u00eda un poco de difusi\u00f3n e infraestructura para acercar a los pescadores deportivos. El r\u00edo, frenado por la represa Salto Grande (Concordia) se transforma a la altura del Mocoret\u00e1 (l\u00edmite natural con Entre R\u00edos) en un inmenso lago que alberga especies de todas clases con tama\u00f1os que realmente sorprenden, y su cauce l\u00e9ntico le da un marco muy dif\u00edcil de entender y de aplicar, pero los peces est\u00e1n. El gran ausente: El pac\u00fa.<br \/>\n<strong>Aguas interiores<\/strong><br \/>\nSon infinitas la opciones en aguas interiores, tantas que se podr\u00eda definir a la provincia como un gigantesco estero en s\u00ed misma. De cualquier manera hay cl\u00e1sicos que vuelcan sus aguas al gran r\u00edo y que ofrecen una influencia directa sobre el Paran\u00e1 como son el r\u00edo Corrientes y el Guayquirar\u00f3 entre los m\u00e1s importantes aportes de masas acu\u00edferas y forrajer\u00edo. Con los mismos resultados de pesca que en el gran r\u00edo en cuanto a especies se refiere, la \u00fanica condici\u00f3n para disfrutarlos es bajar en proporci\u00f3n la resistencia de los equipos y en lo que a las t\u00e9cnicas se refiere dependeremos del spinning, del fly cast y de la pesca de espera con carnada y no del trolling. Como ejemplo podemos nombrar, entre los m\u00e1s conocidos a\u00a0<strong>*12)<\/strong>\u00a0Chavarr\u00eda y<strong>*11)<\/strong>\u00a0Tacuaritas.<\/p>\n<p>La pesca en Corrientes est\u00e1 hoy reconocida, y no solo a nivel nacional, como la capital de la pesca del dorado (nuestro pez emblem\u00e1tico) sino tambi\u00e9n a nivel internacional. Los pescadores extranjeros tienen en la Rep\u00fablica Argentina dos destinos muy bien definidos: Nuestra Patagonia durante la temporada de pesca de los salm\u00f3nidos y el litoral, preferentemente la provincia de Corrientes, durante la temporada de pesca del \u00abfresh water dorado\u00bb. Pescadores de fly cast, spinning y amantes de cualquier modalidad de pesca que incluyan un artificial se hacen su viajecito a la provincia litorale\u00f1a para colmar sus ansias de pescar al tigre del r\u00edo.<br \/>\nPero no solo de dorados vive el hombre. Especies como el surub\u00ed (bautizado el Toro del r\u00edo), el pac\u00fa y la boga, entre chafalotes, pat\u00edes, manduvas, picopatos, amarillos, armados, enormes rayas y manguruy\u00faes se consiguen an aguas correntinas, Destinos cl\u00e1sicos como Paso de la Patria, Ita Ibat\u00e9, Itat\u00ed, Ituzaingo, Corrientes capital, Empedrado, Bella Vista, Goya y Esquina (todos sobre el gran r\u00edo) compiten en calidad, en variedad de servicios y en capturas con pesqueros interiores como los esteros del Isor\u00f3, el r\u00edo Corriente con sus aguas negras, Tacuaritas y Chavarr\u00eda entre cientos de destinos m\u00e1s, donde fan\u00e1ticos de la pesca con artificiales se dan cita a\u00f1o tras a\u00f1o y temporada tras temporada en b\u00fasqueda de solo unos d\u00edas de esparcimiento, o del r\u00e9cord que los haga figurar en la historia de los pescadores de dorados en aguas correntinas. La mayor ventaja que ofrece Corrientes a los pescadores deportivos es su generosa fauna \u00edctica y el desarrollo de sus aguas, que abarcan desde el r\u00edo Paran\u00e1 con fuertes corrientes y aguas color chocolate, hasta las lagunas interiores, con sus aguas negras (de gran transparencia), las que permiten todo tipo de pesca deportiva.<br \/>\nHay en la provincia numerosos pesqueros en los cuales se pueden capturar buenos ejemplares de cualquiera de las especies que elijamos capturar, destac\u00e1ndose unos u otros por calidad o cantidad de pique de una u otra especie en una u otra \u00e9poca del a\u00f1o, o por cantidad o calidad de infraestructura para recibir al pescador. Comenzaremos por cualquiera al azar sin significar que el primero sea mejor que el segundo o que el \u00faltimo. Simplemente elegimos un orden al azar a saber:<\/p>\n<p>Bancos de arena e islas salpicadas en el r\u00edo, costas con acantilados bajos, medianos o muy altos que encajonan al Paran\u00e1, extensos veriles, caudalosos arroyos, ba\u00f1ados, correderas, remansos, aguas negras de los esteros y cursos de agua interiores, alojan peces que, aunque parezca mentira, nos est\u00e1n esperando. Y para esto cada rinc\u00f3n de la provincia tiene sus secretos que nos ser\u00e1n develados solo al llegar. La elecci\u00f3n del lugar determinar\u00e1 que equipo usar, la l\u00ednea, el plomo, la modalidad, y la ca\u00f1a y el reel ir\u00e1n cambiando de acuerdo a las especies, a las diferentes geograf\u00edas y a los estilos de pesca practicados. No es lo mismo pescar un pac\u00fa bajo los \u00e1rboles frente a la arrocera en Itat\u00ed que en Esquina, donde se lo busca en los remansos limpios del r\u00edo. Aguas generosas en accidentes geogr\u00e1ficos y en alimento hacen de Corrientes un lugar de ensue\u00f1o para los peces y para quienes andamos tras de ellos. Y si decidimos hablar de alta competencia la provincia del Tarag\u00fc\u00ed, despu\u00e9s de la de Buenos Aires l\u00f3gicamente, ofrece el abanico de concursos pesqueros m\u00e1s importante del pa\u00eds. Esquina ofrece la Fiesta Nacional del Pac\u00fa, Paso de la Patria el Torneo Apertura del Dorado y la Fiesta Nacional del Dorado, Goya su identificatoria Fiesta Nacional del Surub\u00ed y el Concurso Argentino de Pesca Variada Embarcada, It\u00e1 Ibat\u00e9 su Concurso del MERCOSUR de Boga y Pac\u00fa, Bella Vista su Concurso de Pesca Variada Embarcada, Ituzaing\u00f3 su Concurso Integraci\u00f3n de Pesca del Surubub\u00ed, entre otros. Toda la provincia es una oportunidad para aquellos que gustan del circuito de competencia y del folcklore que rodea a estos eventos.<\/p>\n","protected":false},"excerpt":{"rendered":"<p>Bienvenidos al Tarag\u00fc\u00ed Provincia m\u00e1gica de la Mesopotamia Argentina es cuna del chamam\u00e9. Albergue de los mundialmente famosos Esteros del Ibera que actualmente visitan miles de turistas, quienes adem\u00e1s de mirar tienen la posibilidad de practicar turismo de aventura, turismo hist\u00f3rico, religioso, de estancia, de carnaval, de verano (con magn\u00edficos balnearios), y el turismo pesquero [&hellip;]<\/p>\n","protected":false},"author":1,"featured_media":0,"parent":2679,"menu_order":0,"comment_status":"closed","ping_status":"closed","template":"","meta":{"_joinchat":[],"footnotes":""},"class_list":["post-2681","page","type-page","status-publish"],"yoast_head":"<!-- This site is optimized with the Yoast SEO plugin v27.2 - https:\/\/yoast.com\/product\/yoast-seo-wordpress\/ -->\n<title>Bienvenidos al Taragui - Radio Infinita Goya<\/title>\n<meta name=\"robots\" content=\"index, follow, max-snippet:-1, max-image-preview:large, max-video-preview:-1\" \/>\n<link rel=\"canonical\" href=\"https:\/\/radioinfinitagoya.com.ar\/v1\/piramba\/bienvenidos-al-taragui\/\" \/>\n<meta property=\"og:locale\" content=\"es_ES\" \/>\n<meta property=\"og:type\" content=\"article\" \/>\n<meta property=\"og:title\" content=\"Bienvenidos al Taragui - Radio Infinita Goya\" \/>\n<meta property=\"og:description\" content=\"Bienvenidos al Tarag\u00fc\u00ed Provincia m\u00e1gica de la Mesopotamia Argentina es cuna del chamam\u00e9. Albergue de los mundialmente famosos Esteros del Ibera que actualmente visitan miles de turistas, quienes adem\u00e1s de mirar tienen la posibilidad de practicar turismo de aventura, turismo hist\u00f3rico, religioso, de estancia, de carnaval, de verano (con magn\u00edficos balnearios), y el turismo pesquero [&hellip;]\" \/>\n<meta property=\"og:url\" content=\"https:\/\/radioinfinitagoya.com.ar\/v1\/piramba\/bienvenidos-al-taragui\/\" \/>\n<meta property=\"og:site_name\" content=\"Radio Infinita Goya\" \/>\n<meta property=\"article:publisher\" content=\"https:\/\/www.facebook.com\/p\/Infinita-Goya-100063870918311\/\" \/>\n<meta name=\"twitter:card\" content=\"summary_large_image\" \/>\n<meta name=\"twitter:label1\" content=\"Tiempo de lectura\" \/>\n\t<meta name=\"twitter:data1\" content=\"7 minutos\" \/>\n<script type=\"application\/ld+json\" class=\"yoast-schema-graph\">{\"@context\":\"https:\/\/schema.org\",\"@graph\":[{\"@type\":\"WebPage\",\"@id\":\"https:\/\/radioinfinitagoya.com.ar\/v1\/piramba\/bienvenidos-al-taragui\/\",\"url\":\"https:\/\/radioinfinitagoya.com.ar\/v1\/piramba\/bienvenidos-al-taragui\/\",\"name\":\"Bienvenidos al Taragui - Radio Infinita Goya\",\"isPartOf\":{\"@id\":\"https:\/\/radioinfinitagoya.com.ar\/v1\/#website\"},\"datePublished\":\"2020-01-02T18:30:27+00:00\",\"breadcrumb\":{\"@id\":\"https:\/\/radioinfinitagoya.com.ar\/v1\/piramba\/bienvenidos-al-taragui\/#breadcrumb\"},\"inLanguage\":\"es-AR\",\"potentialAction\":[{\"@type\":\"ReadAction\",\"target\":[\"https:\/\/radioinfinitagoya.com.ar\/v1\/piramba\/bienvenidos-al-taragui\/\"]}]},{\"@type\":\"BreadcrumbList\",\"@id\":\"https:\/\/radioinfinitagoya.com.ar\/v1\/piramba\/bienvenidos-al-taragui\/#breadcrumb\",\"itemListElement\":[{\"@type\":\"ListItem\",\"position\":1,\"name\":\"Inicio\",\"item\":\"https:\/\/radioinfinitagoya.com.ar\/v1\/\"},{\"@type\":\"ListItem\",\"position\":2,\"name\":\"Piramba\",\"item\":\"https:\/\/radioinfinitagoya.com.ar\/v1\/piramba\/\"},{\"@type\":\"ListItem\",\"position\":3,\"name\":\"Bienvenidos al Taragui\"}]},{\"@type\":\"WebSite\",\"@id\":\"https:\/\/radioinfinitagoya.com.ar\/v1\/#website\",\"url\":\"https:\/\/radioinfinitagoya.com.ar\/v1\/\",\"name\":\"radioinfinitagoya.com.ar\",\"description\":\"Radio de noticias\",\"publisher\":{\"@id\":\"https:\/\/radioinfinitagoya.com.ar\/v1\/#organization\"},\"potentialAction\":[{\"@type\":\"SearchAction\",\"target\":{\"@type\":\"EntryPoint\",\"urlTemplate\":\"https:\/\/radioinfinitagoya.com.ar\/v1\/?s={search_term_string}\"},\"query-input\":{\"@type\":\"PropertyValueSpecification\",\"valueRequired\":true,\"valueName\":\"search_term_string\"}}],\"inLanguage\":\"es-AR\"},{\"@type\":\"Organization\",\"@id\":\"https:\/\/radioinfinitagoya.com.ar\/v1\/#organization\",\"name\":\"Radio Infinita Goya\",\"url\":\"https:\/\/radioinfinitagoya.com.ar\/v1\/\",\"logo\":{\"@type\":\"ImageObject\",\"inLanguage\":\"es-AR\",\"@id\":\"https:\/\/radioinfinitagoya.com.ar\/v1\/#\/schema\/logo\/image\/\",\"url\":\"https:\/\/radioinfinitagoya.com.ar\/v1\/wp-content\/uploads\/2019\/11\/logo-pie-web.png\",\"contentUrl\":\"https:\/\/radioinfinitagoya.com.ar\/v1\/wp-content\/uploads\/2019\/11\/logo-pie-web.png\",\"width\":635,\"height\":326,\"caption\":\"Radio Infinita Goya\"},\"image\":{\"@id\":\"https:\/\/radioinfinitagoya.com.ar\/v1\/#\/schema\/logo\/image\/\"},\"sameAs\":[\"https:\/\/www.facebook.com\/p\/Infinita-Goya-100063870918311\/\"]}]}<\/script>\n<!-- \/ Yoast SEO plugin. -->","yoast_head_json":{"title":"Bienvenidos al Taragui - Radio Infinita Goya","robots":{"index":"index","follow":"follow","max-snippet":"max-snippet:-1","max-image-preview":"max-image-preview:large","max-video-preview":"max-video-preview:-1"},"canonical":"https:\/\/radioinfinitagoya.com.ar\/v1\/piramba\/bienvenidos-al-taragui\/","og_locale":"es_ES","og_type":"article","og_title":"Bienvenidos al Taragui - Radio Infinita Goya","og_description":"Bienvenidos al Tarag\u00fc\u00ed Provincia m\u00e1gica de la Mesopotamia Argentina es cuna del chamam\u00e9. Albergue de los mundialmente famosos Esteros del Ibera que actualmente visitan miles de turistas, quienes adem\u00e1s de mirar tienen la posibilidad de practicar turismo de aventura, turismo hist\u00f3rico, religioso, de estancia, de carnaval, de verano (con magn\u00edficos balnearios), y el turismo pesquero [&hellip;]","og_url":"https:\/\/radioinfinitagoya.com.ar\/v1\/piramba\/bienvenidos-al-taragui\/","og_site_name":"Radio Infinita Goya","article_publisher":"https:\/\/www.facebook.com\/p\/Infinita-Goya-100063870918311\/","twitter_card":"summary_large_image","twitter_misc":{"Tiempo de lectura":"7 minutos"},"schema":{"@context":"https:\/\/schema.org","@graph":[{"@type":"WebPage","@id":"https:\/\/radioinfinitagoya.com.ar\/v1\/piramba\/bienvenidos-al-taragui\/","url":"https:\/\/radioinfinitagoya.com.ar\/v1\/piramba\/bienvenidos-al-taragui\/","name":"Bienvenidos al Taragui - Radio Infinita Goya","isPartOf":{"@id":"https:\/\/radioinfinitagoya.com.ar\/v1\/#website"},"datePublished":"2020-01-02T18:30:27+00:00","breadcrumb":{"@id":"https:\/\/radioinfinitagoya.com.ar\/v1\/piramba\/bienvenidos-al-taragui\/#breadcrumb"},"inLanguage":"es-AR","potentialAction":[{"@type":"ReadAction","target":["https:\/\/radioinfinitagoya.com.ar\/v1\/piramba\/bienvenidos-al-taragui\/"]}]},{"@type":"BreadcrumbList","@id":"https:\/\/radioinfinitagoya.com.ar\/v1\/piramba\/bienvenidos-al-taragui\/#breadcrumb","itemListElement":[{"@type":"ListItem","position":1,"name":"Inicio","item":"https:\/\/radioinfinitagoya.com.ar\/v1\/"},{"@type":"ListItem","position":2,"name":"Piramba","item":"https:\/\/radioinfinitagoya.com.ar\/v1\/piramba\/"},{"@type":"ListItem","position":3,"name":"Bienvenidos al Taragui"}]},{"@type":"WebSite","@id":"https:\/\/radioinfinitagoya.com.ar\/v1\/#website","url":"https:\/\/radioinfinitagoya.com.ar\/v1\/","name":"radioinfinitagoya.com.ar","description":"Radio de noticias","publisher":{"@id":"https:\/\/radioinfinitagoya.com.ar\/v1\/#organization"},"potentialAction":[{"@type":"SearchAction","target":{"@type":"EntryPoint","urlTemplate":"https:\/\/radioinfinitagoya.com.ar\/v1\/?s={search_term_string}"},"query-input":{"@type":"PropertyValueSpecification","valueRequired":true,"valueName":"search_term_string"}}],"inLanguage":"es-AR"},{"@type":"Organization","@id":"https:\/\/radioinfinitagoya.com.ar\/v1\/#organization","name":"Radio Infinita Goya","url":"https:\/\/radioinfinitagoya.com.ar\/v1\/","logo":{"@type":"ImageObject","inLanguage":"es-AR","@id":"https:\/\/radioinfinitagoya.com.ar\/v1\/#\/schema\/logo\/image\/","url":"https:\/\/radioinfinitagoya.com.ar\/v1\/wp-content\/uploads\/2019\/11\/logo-pie-web.png","contentUrl":"https:\/\/radioinfinitagoya.com.ar\/v1\/wp-content\/uploads\/2019\/11\/logo-pie-web.png","width":635,"height":326,"caption":"Radio Infinita Goya"},"image":{"@id":"https:\/\/radioinfinitagoya.com.ar\/v1\/#\/schema\/logo\/image\/"},"sameAs":["https:\/\/www.facebook.com\/p\/Infinita-Goya-100063870918311\/"]}]}},"_links":{"self":[{"href":"https:\/\/radioinfinitagoya.com.ar\/v1\/wp-json\/wp\/v2\/pages\/2681","targetHints":{"allow":["GET"]}}],"collection":[{"href":"https:\/\/radioinfinitagoya.com.ar\/v1\/wp-json\/wp\/v2\/pages"}],"about":[{"href":"https:\/\/radioinfinitagoya.com.ar\/v1\/wp-json\/wp\/v2\/types\/page"}],"author":[{"embeddable":true,"href":"https:\/\/radioinfinitagoya.com.ar\/v1\/wp-json\/wp\/v2\/users\/1"}],"replies":[{"embeddable":true,"href":"https:\/\/radioinfinitagoya.com.ar\/v1\/wp-json\/wp\/v2\/comments?post=2681"}],"version-history":[{"count":0,"href":"https:\/\/radioinfinitagoya.com.ar\/v1\/wp-json\/wp\/v2\/pages\/2681\/revisions"}],"up":[{"embeddable":true,"href":"https:\/\/radioinfinitagoya.com.ar\/v1\/wp-json\/wp\/v2\/pages\/2679"}],"wp:attachment":[{"href":"https:\/\/radioinfinitagoya.com.ar\/v1\/wp-json\/wp\/v2\/media?parent=2681"}],"curies":[{"name":"wp","href":"https:\/\/api.w.org\/{rel}","templated":true}]}}