{"id":2689,"date":"2020-01-02T15:35:55","date_gmt":"2020-01-02T18:35:55","guid":{"rendered":"https:\/\/radioinfinitagoya.com.ar\/v1\/?page_id=2689"},"modified":"2020-01-02T15:35:55","modified_gmt":"2020-01-02T18:35:55","slug":"carnada","status":"publish","type":"page","link":"https:\/\/radioinfinitagoya.com.ar\/v1\/piramba\/carnada\/","title":{"rendered":"Carnada"},"content":{"rendered":"<div class=\"art-layout-cell art-content clearfix\">\n<div class=\"item-page\">\n<article class=\"art-post\">\n<div class=\"art-postcontent clearfix\">\n<div class=\"art-article\">\n<p>Anguila<\/p>\n<p>Es carnada natural para los peces grandes de agua dulce tanto de r\u00edo como de otras aguas donde habite. La toman tanto desde cr\u00eda como de ejemplares adultos mordi\u00e9ndola hasta hacerla morir y poder comerla. Las especies que toman esta variedad de carnada son los grandes del r\u00edo como por ejemplo el dorado. Pero como en nuestra provincia la tararira convive con la anguila en ciertos \u00e1mbitos ocacionales se la incluye en esta gu\u00eda como carnada aunque tambi\u00e9n la toma el bagre sapo en los fondeos como carro\u00f1a. Se la encarna entera o de a pedazos al igual que el pez palo dependiendo esto exclusivamente de su tama\u00f1o y de las especies que estemos pescando. No es lo mismo una corvina que un dorado.<br \/>\nMojarra<\/p>\n<p>La cl\u00e1sica carnada de laguna o cualquier especiede agua del interior de nuestras provincias. Se la usa tambi\u00e9n para los bagres, mandubas, bogas, estrellas, etc. Siempre infalible a la hora de pescar ya que es el alimento natural de los pescados en general, su predador natural, en casi todos los ambitos de nuestra provincia. As\u00ed encarnamos:<\/p>\n<p>&nbsp;<\/p>\n<p>Lombriz Californiana<\/p>\n<p>Muy de moda por la llamada \u00ablombricultura\u00bb (para vender su subproducto) se la est\u00e1 criando hoy en muchas partes del mundo. Entre ellas en nuestra querida provincia. Es la carnada cl\u00e1sica para quien empieza a pescar sin haber comprado o sacado nada todav\u00eda. Adem\u00e1s de ser efectiva tiene memoria emotiva por lo dibujitos animados. As\u00ed encarnamos:<\/p>\n<p>&nbsp;<\/p>\n<p>Tripa de ave<\/p>\n<p>Normalmente de pollo. Pero la que mas funciona es la de pato. Se la usa por lo duradera en el anzuelo aunque hay que cambiarla cuando se \u00ablava\u00bb y esto es frecuente una de las cosas que la hace tentadora es la ceba natural y la grasa que desparrama en el agua. Se la encarna como si fuera una lombriz aunque la tripa es mas d\u00f3cil y c\u00f3moda para trabajarla adem\u00e1s de ser mas limpia ya que no precisamos la tierra para transportarla.<\/p>\n<p>Carne vacuna<\/p>\n<p>El coraz\u00f3n, el peceto, el salam\u00edn y otros cortes de carne tanto crudas como cocidas son carnadas efectivas a la hora de tentar a ciertas especies muy voraces. La tararira podr\u00eda ser una de ellas, el bagre y la lisa toman trozos de coraz\u00f3n o peceto te\u00f1idos de rojo (como cualquier cosa que muerden). Los diferentes \u00e1mbitos en los que se pesca indican los estilos para encarnar. Las tiritas de mondongo o la grasa de la panceta son efectivas para el pejerrey de mar en algunos casos. Si no me cree pruebe nada mas ni nada menos que con el corno. Todo lo que se come sirve para comer. Y los peces defienden este precepto a muerte.<\/p>\n<p>Rana<\/p>\n<p>Se la usa como carnada para grandes predadores de agua dulce como la tararira. La rana ya no es tan com\u00fan en nuestros \u00e1mbitos de pesca pero todav\u00eda hay en algunos en las que se pueden aprovechar. Donde no hay el pez no la reconoce y no la toma como alimento natural por lo que no es lo indicado. Lo ideal es encarnarla viva pasando el anzuelo por el cuero del lomo. No mostramos por no encarnar y lastimar una en vano.<\/p>\n<p>Recetas de masas<\/p>\n<p>Es una mezcla de ingredientes que se usa para atraer peces como la carpa en nuestra provincia y otras como la boga, el pac\u00fa, etc. Las recetas son tan Variadas como cantidad de pescadores que las usan hay. Ac\u00e1 le damos solo algunos ejemplos desde los que Ud. puede partir hacia los rec\u00f3nditos rincones de la imaginaci\u00f3n:<\/p>\n<p>UNA DE VERAS<\/p>\n<p>Mezclar un kilo de batatas hervidas o cocidas al horno (luego de sacarla de la c\u00e1scara con una cuchara) con una taza de az\u00facar y 1\/2 kilo de pan de cereales hecho migas. Agregar a la mezcla uno o dos buenos chorros de esencia de vainillas y amasamos agregando agua a medida que vaya necesitando (si necesita). As\u00ed cruda formamos chorizos o bolitas y encarnamos los anzuelos de cualquier l\u00ednea. No deje de probarla. Si decide preparar menos masa respete las cantidades para la mezcla.<\/p>\n<p>UNA CLASICA<\/p>\n<p>Mezclar una parte de harina de trigo, una parte de harina de ma\u00edz y una parte de az\u00facar. Se coloca todo en un recipiente y se agrega agua y harina de trigo hasta lograr la consistencia deseada (no debe ser muy blanda para evitar que se escape del anzuelo al lanzar). Esta mezcla no se cocina y la llamamos b\u00e1sica. Podemos agregarle gelatina sin sabor como aglutinante al momento de unir la preparaci\u00f3n.<\/p>\n<p>OTRA<\/p>\n<p>Harina de ma\u00edz, pan rallado y harina de trigo por partes iguales. Gelatina sin sabor para darle firmeza y piment\u00f3n o colorante de reposter\u00eda para el color. Extracto de vainilla para el perfume junto con or\u00e9gano, sal de ajo, provenzal deshidratada, queso de rallar, huevo, etc. La imaginaci\u00f3n suya cuenta mucho en esto. Mezcle todo lo que elija para la mezcla agreg\u00e1ndole leche tibia de a poco hasta formar una masa homog\u00e9nea. P\u00f3ngala en la heladera y cuando la retire haga bolitas, choricitos o \u00abperitas\u00bb del tama\u00f1o adecuado para los anzuelos que use.<\/p>\n<p>OTRA<\/p>\n<p>Mezclar harina de trigo y harina de ma\u00edz por partes iguales, agregar az\u00facar o miel, clara de huevo para amalgamar los ingredientes. Se puede saborizar con ajo en polvo, vainilla, mostaza, or\u00e9gano, condimento para pizza o queso rallado (cada uno deber\u00e1 elegir la receta m\u00e1s efectiva), se agrega agua hasta lograr una masa consistente, se amasa y se forman chorizos de 2 cm de di\u00e1metro y 10 de largo. Se hierven en agua por 15 minutos, se escurren y se orean. Guardar en la heladera envueltos en papel \u00abfoil\u00bb. Al momento de encarnar se cortan peque\u00f1os \u00ab\u00f1oquis\u00bb cubriendo totalmente el anzuelo.<br \/>\nOTRA<\/p>\n<p>Mezclar una taza de harina de centeno, una de harina de ma\u00edz, una de harina de trigo una cucharada de az\u00facar o miel por taza. Hacer una masa como las restantes.<\/p>\n<p>Conclusi\u00f3n<\/p>\n<p>En este \u00edtem cada maestrito tiene su librito y una masa que en un \u00e1mbito nos haya dado satisfacciones enormes en otro puede no darnos ni un solo pique. Tratemos de memorizar lo que hacemos con este tipo de cosas para llevarlos siempre con nosotros a todos lados pero sin fanatizarnos. \u00bfEscuch\u00f3 eso de la ciencia exacta?Pruebe tambi\u00e9n con solo un diente de ajo entero \u00abroto\u00bb o apretado y le cuento un secreto: Cuando deje en remojo granos de ma\u00edz (carnada muy rendidora) agregue al agua un buen chorro de esencia de vainilla. Despu\u00e9s ensarta todos los que entren en el anzuelo por su parte blanca y me cuenta. Tambi\u00e9n puede dejarlos remojados en cerveza.<\/p>\n<p>NOTAS<\/p>\n<p>Todas las masas aqu\u00ed desarrolladas pueden usarse tanto cocidas como crudas.El an\u00eds debe usarse en semillas partidas ya que las esencias son aceitosas y tienden a \u00absubir\u00bb hacia la superficie.Igual sucede con las esencias de vainilla y cualquier otra sustancia artificial que tenga aceites y floten.Si le agregamos vainilla a la masa deber\u00eda ser de una chaucha aplastada.<br \/>\nLo mismo sucede con el ajo l\u00edquido, no as\u00ed el que viene en polvo.Si le agregamos cualquier esencia al agua de cocci\u00f3n no va a ser importante siempre que agreguemos mucho.El queso rallado se agrega antes de cocinar la masa. Deshidratado mejor. Agregar un huevo batido antes de agregar el agua para amasar ligando todo.Si no queremos usar huevo podemos ligar todo con gelatina sin sabor. El piment\u00f3n dulce dar\u00e1 mucho pique de animales de menor porte.Tambi\u00e9n pueden mezclarse fibras de algod\u00f3n con la masa para que \u00e9sta no se desarme, esto es ideal para lanzar muy lejos sin perderla.Todas estas masas pueden usarse tanto para la carpa, la boga y\/o el pac\u00fa.<br \/>\nLas masas pueden ser amarillas u oscuras, dependiendo de los ingredientes.Todas las masas son factibles de te\u00f1irse con colorantes de reposter\u00eda.Para usar crudas proporcionar 1 parte de harina de color y 3 de harina blanca.Deben guardarse en la heladera envueltas y sin aire. Pueden \u00abfreezarse\u00bb.Tambi\u00e9n pueden cubrirse de harina de ma\u00edz para que no pierdan humedad.M\u00e1s que recomendable es el anzuelo con resorte que mostramos aqu\u00ed. Pru\u00e9belo. La l\u00ednea \u00abcoreana\u00bb armada con un resorte y 4 \u00f3 5 anzuelos clava muy bien.<\/p>\n<\/div>\n<\/div>\n<\/article>\n<\/div>\n<\/div>\n<div class=\"art-layout-cell art-sidebar2 clearfix\"><\/div>\n","protected":false},"excerpt":{"rendered":"<p>Anguila Es carnada natural para los peces grandes de agua dulce tanto de r\u00edo como de otras aguas donde habite. La toman tanto desde cr\u00eda como de ejemplares adultos mordi\u00e9ndola hasta hacerla morir y poder comerla. Las especies que toman esta variedad de carnada son los grandes del r\u00edo como por ejemplo el dorado. Pero [&hellip;]<\/p>\n","protected":false},"author":1,"featured_media":0,"parent":2679,"menu_order":0,"comment_status":"closed","ping_status":"closed","template":"","meta":{"_joinchat":[],"footnotes":""},"class_list":["post-2689","page","type-page","status-publish"],"yoast_head":"<!-- This site is optimized with the Yoast SEO plugin v27.2 - https:\/\/yoast.com\/product\/yoast-seo-wordpress\/ -->\n<title>Carnada - Radio Infinita Goya<\/title>\n<meta name=\"robots\" content=\"index, follow, max-snippet:-1, max-image-preview:large, max-video-preview:-1\" \/>\n<link rel=\"canonical\" href=\"https:\/\/radioinfinitagoya.com.ar\/v1\/piramba\/carnada\/\" \/>\n<meta property=\"og:locale\" content=\"es_ES\" \/>\n<meta property=\"og:type\" content=\"article\" \/>\n<meta property=\"og:title\" content=\"Carnada - Radio Infinita Goya\" \/>\n<meta property=\"og:description\" content=\"Anguila Es carnada natural para los peces grandes de agua dulce tanto de r\u00edo como de otras aguas donde habite. La toman tanto desde cr\u00eda como de ejemplares adultos mordi\u00e9ndola hasta hacerla morir y poder comerla. Las especies que toman esta variedad de carnada son los grandes del r\u00edo como por ejemplo el dorado. Pero [&hellip;]\" \/>\n<meta property=\"og:url\" content=\"https:\/\/radioinfinitagoya.com.ar\/v1\/piramba\/carnada\/\" \/>\n<meta property=\"og:site_name\" content=\"Radio Infinita Goya\" \/>\n<meta property=\"article:publisher\" content=\"https:\/\/www.facebook.com\/p\/Infinita-Goya-100063870918311\/\" \/>\n<meta name=\"twitter:card\" content=\"summary_large_image\" \/>\n<meta name=\"twitter:label1\" content=\"Tiempo de lectura\" \/>\n\t<meta name=\"twitter:data1\" content=\"7 minutos\" \/>\n<script type=\"application\/ld+json\" class=\"yoast-schema-graph\">{\"@context\":\"https:\/\/schema.org\",\"@graph\":[{\"@type\":\"WebPage\",\"@id\":\"https:\/\/radioinfinitagoya.com.ar\/v1\/piramba\/carnada\/\",\"url\":\"https:\/\/radioinfinitagoya.com.ar\/v1\/piramba\/carnada\/\",\"name\":\"Carnada - Radio Infinita Goya\",\"isPartOf\":{\"@id\":\"https:\/\/radioinfinitagoya.com.ar\/v1\/#website\"},\"datePublished\":\"2020-01-02T18:35:55+00:00\",\"breadcrumb\":{\"@id\":\"https:\/\/radioinfinitagoya.com.ar\/v1\/piramba\/carnada\/#breadcrumb\"},\"inLanguage\":\"es-AR\",\"potentialAction\":[{\"@type\":\"ReadAction\",\"target\":[\"https:\/\/radioinfinitagoya.com.ar\/v1\/piramba\/carnada\/\"]}]},{\"@type\":\"BreadcrumbList\",\"@id\":\"https:\/\/radioinfinitagoya.com.ar\/v1\/piramba\/carnada\/#breadcrumb\",\"itemListElement\":[{\"@type\":\"ListItem\",\"position\":1,\"name\":\"Inicio\",\"item\":\"https:\/\/radioinfinitagoya.com.ar\/v1\/\"},{\"@type\":\"ListItem\",\"position\":2,\"name\":\"Piramba\",\"item\":\"https:\/\/radioinfinitagoya.com.ar\/v1\/piramba\/\"},{\"@type\":\"ListItem\",\"position\":3,\"name\":\"Carnada\"}]},{\"@type\":\"WebSite\",\"@id\":\"https:\/\/radioinfinitagoya.com.ar\/v1\/#website\",\"url\":\"https:\/\/radioinfinitagoya.com.ar\/v1\/\",\"name\":\"radioinfinitagoya.com.ar\",\"description\":\"Radio de noticias\",\"publisher\":{\"@id\":\"https:\/\/radioinfinitagoya.com.ar\/v1\/#organization\"},\"potentialAction\":[{\"@type\":\"SearchAction\",\"target\":{\"@type\":\"EntryPoint\",\"urlTemplate\":\"https:\/\/radioinfinitagoya.com.ar\/v1\/?s={search_term_string}\"},\"query-input\":{\"@type\":\"PropertyValueSpecification\",\"valueRequired\":true,\"valueName\":\"search_term_string\"}}],\"inLanguage\":\"es-AR\"},{\"@type\":\"Organization\",\"@id\":\"https:\/\/radioinfinitagoya.com.ar\/v1\/#organization\",\"name\":\"Radio Infinita Goya\",\"url\":\"https:\/\/radioinfinitagoya.com.ar\/v1\/\",\"logo\":{\"@type\":\"ImageObject\",\"inLanguage\":\"es-AR\",\"@id\":\"https:\/\/radioinfinitagoya.com.ar\/v1\/#\/schema\/logo\/image\/\",\"url\":\"https:\/\/radioinfinitagoya.com.ar\/v1\/wp-content\/uploads\/2019\/11\/logo-pie-web.png\",\"contentUrl\":\"https:\/\/radioinfinitagoya.com.ar\/v1\/wp-content\/uploads\/2019\/11\/logo-pie-web.png\",\"width\":635,\"height\":326,\"caption\":\"Radio Infinita Goya\"},\"image\":{\"@id\":\"https:\/\/radioinfinitagoya.com.ar\/v1\/#\/schema\/logo\/image\/\"},\"sameAs\":[\"https:\/\/www.facebook.com\/p\/Infinita-Goya-100063870918311\/\"]}]}<\/script>\n<!-- \/ Yoast SEO plugin. -->","yoast_head_json":{"title":"Carnada - Radio Infinita Goya","robots":{"index":"index","follow":"follow","max-snippet":"max-snippet:-1","max-image-preview":"max-image-preview:large","max-video-preview":"max-video-preview:-1"},"canonical":"https:\/\/radioinfinitagoya.com.ar\/v1\/piramba\/carnada\/","og_locale":"es_ES","og_type":"article","og_title":"Carnada - Radio Infinita Goya","og_description":"Anguila Es carnada natural para los peces grandes de agua dulce tanto de r\u00edo como de otras aguas donde habite. La toman tanto desde cr\u00eda como de ejemplares adultos mordi\u00e9ndola hasta hacerla morir y poder comerla. Las especies que toman esta variedad de carnada son los grandes del r\u00edo como por ejemplo el dorado. Pero [&hellip;]","og_url":"https:\/\/radioinfinitagoya.com.ar\/v1\/piramba\/carnada\/","og_site_name":"Radio Infinita Goya","article_publisher":"https:\/\/www.facebook.com\/p\/Infinita-Goya-100063870918311\/","twitter_card":"summary_large_image","twitter_misc":{"Tiempo de lectura":"7 minutos"},"schema":{"@context":"https:\/\/schema.org","@graph":[{"@type":"WebPage","@id":"https:\/\/radioinfinitagoya.com.ar\/v1\/piramba\/carnada\/","url":"https:\/\/radioinfinitagoya.com.ar\/v1\/piramba\/carnada\/","name":"Carnada - Radio Infinita Goya","isPartOf":{"@id":"https:\/\/radioinfinitagoya.com.ar\/v1\/#website"},"datePublished":"2020-01-02T18:35:55+00:00","breadcrumb":{"@id":"https:\/\/radioinfinitagoya.com.ar\/v1\/piramba\/carnada\/#breadcrumb"},"inLanguage":"es-AR","potentialAction":[{"@type":"ReadAction","target":["https:\/\/radioinfinitagoya.com.ar\/v1\/piramba\/carnada\/"]}]},{"@type":"BreadcrumbList","@id":"https:\/\/radioinfinitagoya.com.ar\/v1\/piramba\/carnada\/#breadcrumb","itemListElement":[{"@type":"ListItem","position":1,"name":"Inicio","item":"https:\/\/radioinfinitagoya.com.ar\/v1\/"},{"@type":"ListItem","position":2,"name":"Piramba","item":"https:\/\/radioinfinitagoya.com.ar\/v1\/piramba\/"},{"@type":"ListItem","position":3,"name":"Carnada"}]},{"@type":"WebSite","@id":"https:\/\/radioinfinitagoya.com.ar\/v1\/#website","url":"https:\/\/radioinfinitagoya.com.ar\/v1\/","name":"radioinfinitagoya.com.ar","description":"Radio de noticias","publisher":{"@id":"https:\/\/radioinfinitagoya.com.ar\/v1\/#organization"},"potentialAction":[{"@type":"SearchAction","target":{"@type":"EntryPoint","urlTemplate":"https:\/\/radioinfinitagoya.com.ar\/v1\/?s={search_term_string}"},"query-input":{"@type":"PropertyValueSpecification","valueRequired":true,"valueName":"search_term_string"}}],"inLanguage":"es-AR"},{"@type":"Organization","@id":"https:\/\/radioinfinitagoya.com.ar\/v1\/#organization","name":"Radio Infinita Goya","url":"https:\/\/radioinfinitagoya.com.ar\/v1\/","logo":{"@type":"ImageObject","inLanguage":"es-AR","@id":"https:\/\/radioinfinitagoya.com.ar\/v1\/#\/schema\/logo\/image\/","url":"https:\/\/radioinfinitagoya.com.ar\/v1\/wp-content\/uploads\/2019\/11\/logo-pie-web.png","contentUrl":"https:\/\/radioinfinitagoya.com.ar\/v1\/wp-content\/uploads\/2019\/11\/logo-pie-web.png","width":635,"height":326,"caption":"Radio Infinita Goya"},"image":{"@id":"https:\/\/radioinfinitagoya.com.ar\/v1\/#\/schema\/logo\/image\/"},"sameAs":["https:\/\/www.facebook.com\/p\/Infinita-Goya-100063870918311\/"]}]}},"_links":{"self":[{"href":"https:\/\/radioinfinitagoya.com.ar\/v1\/wp-json\/wp\/v2\/pages\/2689","targetHints":{"allow":["GET"]}}],"collection":[{"href":"https:\/\/radioinfinitagoya.com.ar\/v1\/wp-json\/wp\/v2\/pages"}],"about":[{"href":"https:\/\/radioinfinitagoya.com.ar\/v1\/wp-json\/wp\/v2\/types\/page"}],"author":[{"embeddable":true,"href":"https:\/\/radioinfinitagoya.com.ar\/v1\/wp-json\/wp\/v2\/users\/1"}],"replies":[{"embeddable":true,"href":"https:\/\/radioinfinitagoya.com.ar\/v1\/wp-json\/wp\/v2\/comments?post=2689"}],"version-history":[{"count":0,"href":"https:\/\/radioinfinitagoya.com.ar\/v1\/wp-json\/wp\/v2\/pages\/2689\/revisions"}],"up":[{"embeddable":true,"href":"https:\/\/radioinfinitagoya.com.ar\/v1\/wp-json\/wp\/v2\/pages\/2679"}],"wp:attachment":[{"href":"https:\/\/radioinfinitagoya.com.ar\/v1\/wp-json\/wp\/v2\/media?parent=2689"}],"curies":[{"name":"wp","href":"https:\/\/api.w.org\/{rel}","templated":true}]}}